{"id":3261,"date":"2022-11-25T17:07:59","date_gmt":"2022-11-25T16:07:59","guid":{"rendered":"http:\/\/galerienem.cluster011.ovh.net\/a-propos\/"},"modified":"2025-06-24T12:19:39","modified_gmt":"2025-06-24T10:19:39","slug":"a-propos","status":"publish","type":"page","link":"https:\/\/www.galerienicolasbourriaud.com\/en\/a-propos\/","title":{"rendered":"ABOUT"},"content":{"rendered":"<div class=\"wpb-content-wrapper\"><p>[vc_row full_width=&#8221;true&#8221;][vc_column][rev_slider_vc alias=&#8221;nos-galeries&#8221;][vc_empty_space height=&#8221;62px&#8221;][\/vc_column][\/vc_row][vc_row gap=&#8221;30&#8243; el_class=&#8221;.marge-colonne&#8221;][vc_column width=&#8221;3\/4&#8243;][vc_column_text]<\/p>\n<h2><span style=\"color: #e1b300;\">Nicolas BOURRIAUD<\/span><\/h2>\n<p>[\/vc_column_text][vc_empty_space height=&#8221;22px&#8221;][vc_column_text css=&#8221;&#8221;]An antique dealer, specialized in 19th and 20th Century Sculpture, Nicolas Bourriaud, who was raised in an artistic environment, developed a passion for French bronze sculptures at an early age.<\/p>\n<p>Works of art of some of the greatest sculptors such as Barye, Belmondo, Joseph Bernard, Bugatti, Carpeaux, Dalou, Godchaux, Guyot, Rodin, Pompon or Sandoz are displayed in his gallery. These remarkable bronzes with nuanced patina bear the mark of prestigious founders such as Barbedienne, Hebrard, Rudier, Siot Decauville, Susse, Valsuani&#8230;<\/p>\n<p>Every sculpture is chosen with utmost care, each of them carrying all the greatness of the 19th and beginning of the 20th Century French Sculpture.<\/p>\n<p>Nicolas Bourriaud is an expert to the National House of Specialized Experts in art and collection objects (CNES) and a member of the National Union of Antiquarians (SNA). He was elected president of the CNES in June 2025.[\/vc_column_text][\/vc_column][vc_column width=&#8221;1\/4&#8243;][vc_single_image image=&#8221;196&#8243; img_size=&#8221;full&#8221; alignment=&#8221;right&#8221;][\/vc_column][\/vc_row][vc_row][vc_column][vc_empty_space height=&#8221;22px&#8221;]<div class=\"hr-thin style-line accent-border-color\" style=\"width: 100%;\"><\/div>[vc_empty_space height=&#8221;22px&#8221;][\/vc_column][\/vc_row][vc_row gap=&#8221;30&#8243; el_class=&#8221;.marge-colonne&#8221;][vc_column width=&#8221;1\/4&#8243;][vc_single_image image=&#8221;902&#8243; img_size=&#8221;full&#8221;][\/vc_column][vc_column width=&#8221;3\/4&#8243;][vc_column_text]<\/p>\n<h2><span style=\"color: #e1b300;\">Fanny BAUDOIN<\/span><\/h2>\n<p>[\/vc_column_text][vc_empty_space height=&#8221;22px&#8221;][vc_column_text]<\/p>\n<p style=\"text-align: left;\">Fanny Beaudoin, Nicolas Bourriaud&#8217;s mother, has been working alongside him for more than ten years.<\/p>\n<p style=\"text-align: left;\">She directs the Faubourg Saint-Honor\u00e9 gallery and is specifically in charge of the buyers whom she has known since the founding of the gallery. She also manages the administrative part as well as the accounting.<\/p>\n<p>[\/vc_column_text][\/vc_column][\/vc_row][vc_row][vc_column][vc_empty_space height=&#8221;22px&#8221;]<div class=\"hr-thin style-line accent-border-color\" style=\"width: 100%;\"><\/div>[vc_empty_space height=&#8221;22px&#8221;][\/vc_column][\/vc_row][vc_row gap=&#8221;30&#8243; el_class=&#8221;.marge-colonne&#8221;][vc_column width=&#8221;3\/4&#8243;][vc_column_text css=&#8221;&#8221;]<\/p>\n<h2><span style=\"color: #e1b300;\">Liscia COHEN<\/span><\/h2>\n<p>[\/vc_column_text][vc_empty_space height=&#8221;22px&#8221;][vc_column_text css=&#8221;&#8221;]<\/p>\n<p style=\"font-weight: 400;\">A graduate in Art History from the Sorbonne, Liscia Cohen spent a year in Rome, where she completed her studies with business school training. She then moved to Paris to pursue a degree in International Art Market Management at ICART. After working with several auctioneers, notably at Tajan in the Furniture and Works of Art department, she joined the Nicolas Bourriaud Gallery in early 2025. She is responsible for organizing exhibitions and events in our two galleries, as well as coordinating the three art fairs in which the gallery participates each year: TEFAF, BRAFA, and FAB.<\/p>\n<p>[\/vc_column_text][\/vc_column][vc_column width=&#8221;1\/4&#8243;][vc_single_image image=&#8221;11465&#8243; img_size=&#8221;full&#8221; alignment=&#8221;right&#8221; css=&#8221;&#8221;][\/vc_column][\/vc_row][vc_row][vc_column][vc_empty_space height=&#8221;22px&#8221;]<div class=\"hr-thin style-line accent-border-color\" style=\"width: 100%;\"><\/div>[vc_empty_space height=&#8221;22px&#8221;][\/vc_column][\/vc_row][vc_row gap=&#8221;30&#8243; el_class=&#8221;.marge-colonne&#8221;][vc_column width=&#8221;1\/4&#8243;][vc_single_image image=&#8221;919&#8243; img_size=&#8221;full&#8221;][\/vc_column][vc_column width=&#8221;3\/4&#8243;][vc_column_text]<\/p>\n<h2><span style=\"color: #e1b300;\">Chantal GRANG\u00c9<\/span><\/h2>\n<p>[\/vc_column_text][vc_empty_space height=&#8221;22px&#8221;][vc_column_text css=&#8221;&#8221;]<\/p>\n<p style=\"font-weight: 400;\">After a long career with the auctioneers Ader Picard Tajan, as director of the old paintings department, Chantal herself was a gallery owner of 19th century paintings for several years until 2008 at 56, rue de l\u2019Universit\u00e9 75007 Paris. She then launched her own company, <em>Art et ses Services<\/em>, in 2011, based on 5 services linked to the art market. From that date, she worked as a CNES expert in 19th century paintings. She then joined her colleague, expert in 19th and 20th century sculptures, Nicolas Bourriaud, whose gallery at 1 quai Voltaire she has managed since 2020.<\/p>\n<p>[\/vc_column_text][\/vc_column][\/vc_row][vc_row][vc_column][vc_empty_space height=&#8221;22px&#8221;]<div class=\"hr-thin style-line accent-border-color\" style=\"width: 100%;\"><\/div>[vc_empty_space height=&#8221;22px&#8221;][\/vc_column][\/vc_row][vc_row gap=&#8221;30&#8243; el_class=&#8221;.marge-colonne&#8221;][vc_column width=&#8221;3\/4&#8243;][vc_column_text]<\/p>\n<h2><span style=\"color: #e1b300;\">Violaine LEYTE<\/span><\/h2>\n<p>[\/vc_column_text][vc_empty_space height=&#8221;22px&#8221;][vc_column_text]Holder of an auctioneer diploma and of a postgraduate degree both in law and art history, Violaine has worked for a few galleries and auction houses, French and foreign. She was also responsible for the communication and public relations of the Quartier d&#8217;Art Drouot.<\/p>\n<p>She joined the Nicolas Bourriaud gallery in 2021 where she is in charge of sales and documentary research.[\/vc_column_text][\/vc_column][vc_column width=&#8221;1\/4&#8243;][vc_single_image image=&#8221;922&#8243; img_size=&#8221;full&#8221; alignment=&#8221;right&#8221;][\/vc_column][\/vc_row][vc_row][vc_column][vc_empty_space height=&#8221;22px&#8221;]<div class=\"hr-thin style-line accent-border-color\" style=\"width: 100%;\"><\/div>[vc_empty_space height=&#8221;22px&#8221;][\/vc_column][\/vc_row][vc_row gap=&#8221;30&#8243; el_class=&#8221;.marge-colonne&#8221;][vc_column width=&#8221;1\/4&#8243;][vc_single_image image=&#8221;965&#8243; img_size=&#8221;full&#8221;][\/vc_column][vc_column width=&#8221;3\/4&#8243;][vc_column_text]<\/p>\n<h2><span style=\"color: #e1b300;\">S\u00e9gol\u00e8ne BOULARD<\/span><\/h2>\n<p>[\/vc_column_text][vc_empty_space height=&#8221;22px&#8221;][vc_column_text]As an auction organizer in a Parisian auctioneer&#8217;s office for twenty years, S\u00e9gol\u00e8ne has a perfect knowledge of the world of auctions and the mode of operation of the H\u00f4tel Drouot. Drawing on this experience she has chosen to complete her expertise in the art market by joining our gallery in September 2022.<\/p>\n<p>S\u00e9gol\u00e8ne is in charge of documentary research and helps in the preparation of exhibitions and art fairs. She is present in both galleries also taking care of the reception of clients and sales.[\/vc_column_text][\/vc_column][\/vc_row][vc_row][vc_column][vc_empty_space height=&#8221;102px&#8221;][\/vc_column][\/vc_row]<\/p>\n<\/div>","protected":false},"excerpt":{"rendered":"<p>[vc_row full_width=&#8221;true&#8221;][vc_column][rev_slider_vc alias=&#8221;nos-galeries&#8221;][vc_empty_space height=&#8221;62px&#8221;][\/vc_column][\/vc_row][vc_row gap=&#8221;30&#8243; el_class=&#8221;.marge-colonne&#8221;][vc_column width=&#8221;3\/4&#8243;][vc_column_text] Nicolas BOURRIAUD [\/vc_column_text][vc_empty_space height=&#8221;22px&#8221;][vc_column_text css=&#8221;&#8221;]An antique dealer, specialized in 19th and 20th Century Sculpture, Nicolas Bourriaud, who was raised in an artistic environment, developed a passion for French bronze sculptures at an early age. Works of art of some of the greatest sculptors such as Barye, Belmondo, Joseph&hellip;<\/p>\n","protected":false},"author":1,"featured_media":0,"parent":0,"menu_order":45,"comment_status":"closed","ping_status":"closed","template":"","meta":{"footnotes":""},"class_list":["post-3261","page","type-page","status-publish","hentry","description-off"],"aioseo_notices":[],"_links":{"self":[{"href":"https:\/\/www.galerienicolasbourriaud.com\/en\/wp-json\/wp\/v2\/pages\/3261","targetHints":{"allow":["GET"]}}],"collection":[{"href":"https:\/\/www.galerienicolasbourriaud.com\/en\/wp-json\/wp\/v2\/pages"}],"about":[{"href":"https:\/\/www.galerienicolasbourriaud.com\/en\/wp-json\/wp\/v2\/types\/page"}],"author":[{"embeddable":true,"href":"https:\/\/www.galerienicolasbourriaud.com\/en\/wp-json\/wp\/v2\/users\/1"}],"replies":[{"embeddable":true,"href":"https:\/\/www.galerienicolasbourriaud.com\/en\/wp-json\/wp\/v2\/comments?post=3261"}],"version-history":[{"count":11,"href":"https:\/\/www.galerienicolasbourriaud.com\/en\/wp-json\/wp\/v2\/pages\/3261\/revisions"}],"predecessor-version":[{"id":11604,"href":"https:\/\/www.galerienicolasbourriaud.com\/en\/wp-json\/wp\/v2\/pages\/3261\/revisions\/11604"}],"wp:attachment":[{"href":"https:\/\/www.galerienicolasbourriaud.com\/en\/wp-json\/wp\/v2\/media?parent=3261"}],"curies":[{"name":"wp","href":"https:\/\/api.w.org\/{rel}","templated":true}]}}