{"id":10566,"date":"2025-03-21T14:49:28","date_gmt":"2025-03-21T13:49:28","guid":{"rendered":"https:\/\/www.galerienicolasbourriaud.com\/produit\/lesperance-1868\/"},"modified":"2025-03-21T14:55:59","modified_gmt":"2025-03-21T13:55:59","slug":"lesperance-1868","status":"publish","type":"product","link":"https:\/\/www.galerienicolasbourriaud.com\/en\/produit\/lesperance-1868\/","title":{"rendered":"L&#8217;ESP\u00c9RANCE (1868)"},"content":{"rendered":"<p style=\"font-weight: 400;\">Carpeaux produced three different versions of <em>l\u2019Esp\u00e9rance<\/em>. Probably with a view to making a statue of Joan of Arc, the sculptor first considered a half-length figure including arms, hands clasped, entitled <em>La Pri\u00e8re<\/em>, the original plaster of which is in the Mus\u00e9e du Petit Palais (Inv. PPS1542). A second version, signed and dated 1869, shows <em>l&#8217;Esp\u00e9rance <\/em>looking upwards, her hair tied and braided forming two buns behind her ears (marble, Ochse Collection). In the last variant, ours, <em>l&#8217;Esperance <\/em>wears her hair in long curls, a crown of lilies around her head. The original plaster cast is now at the Glyptothek in Copenhagen.<\/p>\n<p style=\"font-weight: 400;\">The Carpeaux sales of 1872-1874 included a total of 6 marbles of this subject, among them a sculpture signed and dated 1869, offered in the atelier sale of December 20, 1873. Our marble is therefore an extremely rare example made during the artist&#8217;s lifetime. A similar example, also signed and dated 1873, was sold at the Fabius Fr\u00e8res Collection sale in October 2011.<\/p>\n<p style=\"font-weight: 400;\">In her book devoted to the work of her illustrious father, Louise-Cl\u00e9ment Carpeaux relates that \u201cto decide more surely on the movement of this figure and the luminous gaze raised towards the sky, he established a first study including the torso and arms\u201d (opus cit., page 209). What is striking about this marble, apart from its expressive quality, is the playful plasticity of the hair and forms, which give the impression of having been carved with a chisel or file.<\/p>\n<p style=\"font-weight: 400;\">Carpeaux, who was engaged to Am\u00e9lie de Montfort at the time, probably took inspiration from her to create this strikingly similar-looking bust.<\/p>\n<p style=\"font-weight: 400;\">\n<p style=\"font-weight: 400;\">\n<p>&nbsp;<\/p>\n","protected":false},"excerpt":{"rendered":"<h1><span style=\"color: #e1b300;\">Jean-Baptiste CARPEAUX<\/span><\/h1>\n<p style=\"font-weight: 400;\">White marble, signed and dated \u201cJBte CARPEAUX 1873\u201d.<br \/>\nH. 22\u201d x W. 14\u201d x D. 12 \u00bc\u201d<br \/>\nExecuted in 1873<\/p>\n<p style=\"font-weight: 400;\">Bibliography: Louise-Cl\u00e9ment Carpeaux, <em>La v\u00e9rit\u00e9 sur l&#8217;\u0153uvre et la vie de J._B. Carpeaux (1827-1875)<\/em>, Volume 1, Paris 1934; Michel Poletti and Alain Richarme, <em>Jean-Baptiste Carpeaux sculpteur, catalogue<\/em> <em>raisonn\u00e9 de l&#8217;\u0153uvre \u00e9dit\u00e9<\/em>, Paris, 2003, p. 128, terracotta model referenced under no. BU 28 and reproduced.<\/p>\n<p><strong>SOLD<\/strong><\/p>\n<p>&nbsp;<\/p>\n","protected":false},"featured_media":10557,"template":"","meta":[],"product_brand":[],"product_cat":[312,268],"product_tag":[],"class_list":{"0":"post-10566","1":"product","2":"type-product","3":"status-publish","4":"has-post-thumbnail","6":"product_cat-chefs-doeuvre-vendu-en","7":"product_cat-jean-baptiste-carpeaux-en","8":"description-off","10":"first","11":"instock","12":"shipping-taxable","13":"product-type-simple"},"aioseo_notices":[],"_links":{"self":[{"href":"https:\/\/www.galerienicolasbourriaud.com\/en\/wp-json\/wp\/v2\/product\/10566","targetHints":{"allow":["GET"]}}],"collection":[{"href":"https:\/\/www.galerienicolasbourriaud.com\/en\/wp-json\/wp\/v2\/product"}],"about":[{"href":"https:\/\/www.galerienicolasbourriaud.com\/en\/wp-json\/wp\/v2\/types\/product"}],"wp:featuredmedia":[{"embeddable":true,"href":"https:\/\/www.galerienicolasbourriaud.com\/en\/wp-json\/wp\/v2\/media\/10557"}],"wp:attachment":[{"href":"https:\/\/www.galerienicolasbourriaud.com\/en\/wp-json\/wp\/v2\/media?parent=10566"}],"wp:term":[{"taxonomy":"product_brand","embeddable":true,"href":"https:\/\/www.galerienicolasbourriaud.com\/en\/wp-json\/wp\/v2\/product_brand?post=10566"},{"taxonomy":"product_cat","embeddable":true,"href":"https:\/\/www.galerienicolasbourriaud.com\/en\/wp-json\/wp\/v2\/product_cat?post=10566"},{"taxonomy":"product_tag","embeddable":true,"href":"https:\/\/www.galerienicolasbourriaud.com\/en\/wp-json\/wp\/v2\/product_tag?post=10566"}],"curies":[{"name":"wp","href":"https:\/\/api.w.org\/{rel}","templated":true}]}}