{"id":10593,"date":"2025-03-21T15:27:30","date_gmt":"2025-03-21T14:27:30","guid":{"rendered":"https:\/\/www.galerienicolasbourriaud.com\/produit\/saint-jerome\/"},"modified":"2025-03-21T15:33:01","modified_gmt":"2025-03-21T14:33:01","slug":"saint-jerome","status":"publish","type":"product","link":"https:\/\/www.galerienicolasbourriaud.com\/en\/produit\/saint-jerome\/","title":{"rendered":"SAINT JEROME"},"content":{"rendered":"<div>\n<p><span lang=\"EN-US\">A highly acclaimed sculptor in his day, Jacques Labatut has since fallen somewhat into oblivion. Fortunately, the work of Genevi\u00e8ve Albinet, artist\u2019s specialist, has enabled us to reconstruct the busy career of this sculptor from Toulouse, who won the Prix de Rome in 1881 with<span class=\"apple-converted-space\">\u00a0<\/span><i>Tyrt\u00e9e chantant ses Mess\u00e9niennes parmi les<\/i><span class=\"apple-converted-space\">\u00a0<\/span><i>Lac\u00e9d\u00e9moniens<\/i>. An advocate of his native south western France, he created his monumental sculpture<span class=\"apple-converted-space\">\u00a0<\/span><i>La Garonne offrant l&#8217;\u00e9lectricit\u00e9 \u00e0 la Ville de Toulouse<\/i>, the full-length portrait of the Republican politician<span class=\"apple-converted-space\">\u00a0<\/span><i>Pascal Duprat<\/i><span class=\"apple-converted-space\">\u00a0<\/span>in Hagetmau, and<span class=\"apple-converted-space\">\u00a0<\/span><i>L&#8217;\u00c9loquence <\/i>in the<i> Monument des Girondins<\/i><span class=\"apple-converted-space\">\u00a0<\/span>in Bordeaux. He was part of the group of \u201cToulousains\u201d formed under the aegis of Falgui\u00e8re, the master of almost all of them: Merci\u00e9, Marqueste, Mengue, Rivi\u00e8re, Seysses and S\u00e9goffin, who represent a significant trend of \u201cfin de si\u00e8cle\u201d sculpture that, even in its apparent academicism, heralded a new conception of the art of sculpting.<\/span><\/p>\n<\/div>\n<div>\n<p><span lang=\"EN-US\">But it was in Paris that he made his mark, both in the intimacy of the Salons of bourgeois society, through his talents as a portraitist, and in the prestigious urban decorative scheme of the 1900 Exposition Universelle,<span class=\"apple-converted-space\">\u00a0in the monumental <\/span><i>La Musique<\/i><span class=\"apple-converted-space\">\u00a0<\/span>in the Grand Palais. His<span class=\"apple-converted-space\">\u00a0<\/span><i>Imprimerie <\/i>(1892) in the entrance porch of the Biblioth\u00e8que nationale still welcomes visitors today.<\/span><\/p>\n<\/div>\n<div>\n<p><span lang=\"EN-US\">The sculptor also excelled in historical subjects, as demonstrated by his masterly<span class=\"apple-converted-space\">\u00a0<\/span><i>Caton d\u2019Utique<\/i> a youthful work of 1878 (marble H. 1.80 m) or his<span class=\"apple-converted-space\">\u00a0<\/span><i>Enfant martyr<\/i>, or<span class=\"apple-converted-space\">\u00a0again his <\/span><i>L\u00e9vite important le corps de sa femme morte&#8230;<span class=\"apple-converted-space\">\u00a0 <\/span><\/i>Our hitherto unpublished<span class=\"apple-converted-space\">\u00a0<\/span><i>Saint Jerome<\/i><span class=\"apple-converted-space\">\u00a0<\/span>is included in Labatut&#8217;s list of works under the heading \u201cSaint J\u00e9r\u00f4me, terre cuite\u201d. Very close in composition to a painting by Simone Contarini (1563-1633) in the H\u00f4tel d&#8217;Ass\u00e9zat in Toulouse, Saint Jerome contemplating a skull here expresses meditative and spiritual thought of great intensity. As Madame Albinet put it in our conversation: \u201cThis is great Labatut!\u201d This figure, modelled in clay and inward-looking, is able to convey all the tension in this meditation over a simple skull, purported to be the seat of the soul.<span class=\"apple-converted-space\">\u00a0<\/span><\/span><\/p>\n<\/div>\n","protected":false},"excerpt":{"rendered":"<h1><span style=\"color: #e1b300;\">Jacques LABATUT<\/span><\/h1>\n<p style=\"font-weight: 400;\">Original terracotta signed \u201cLabatut\u201d<br \/>\nH. 12 \u00bd\u201d x W. 6\u201d\u00a0x D. 8 \u00bc\u201d<br \/>\nCirca 1890<br \/>\nBibliography: \u201cLe sculpteur Labatut au Mus\u00e9e Saint-Raymond\u201d, article in <em>l&#8217;Art M\u00e9ridional<\/em>, January 5, 1936;\u00a0 Guitard E.U., \u00ab\u00a0La r\u00e9trospective Labatut au mus\u00e9e Saint-Raymond\u00a0\u00bb, in <em>Bulletin Municipal de<\/em> <em>Toulouse,<\/em> 1936, pp 47-54\u00a0; \u00a0\u201c<em>Les Toulousains\u00a0\u00bb\u00a0pl\u00e2tres originaux et sculptures du XIXe si\u00e8cle<\/em>\u201d, exhibition catalogue, Toulouse, Mus\u00e9e des Augustins, October 1, 1991 &#8211; January 6, 1992, page 5. Genevi\u00e8ve Albinet,\u00a0<em>Jacques Labatut (1851-1935)\u00a0<\/em>:\u00a0<em>parcours d&#8217;un sculpteur toulousain<\/em>, Can\u00e9jan 2021\u00a0; Genevi\u00e8ve Albinet, \u00ab\u00a0Jacques Labatut (1851-1935) Catalogue illustr\u00e9 de son \u0153uvre\u00a0\u00bb, <em>Bulletin de la Soci\u00e9t\u00e9 de l\u2019histoire de l\u2019Art fran\u00e7ais<\/em>, 2024, page 163, <em>Saint J\u00e9r\u00f4me<\/em> reproduced under the n\u00b0 81.<\/p>\n<p style=\"font-weight: 400;\"><strong>SOLD<\/strong><\/p>\n<p>&nbsp;<\/p>\n<p>&nbsp;<\/p>\n","protected":false},"featured_media":10570,"template":"","meta":[],"product_brand":[],"product_cat":[312,724],"product_tag":[],"class_list":{"0":"post-10593","1":"product","2":"type-product","3":"status-publish","4":"has-post-thumbnail","6":"product_cat-chefs-doeuvre-vendu-en","7":"product_cat-jacques-labatut-en-2","8":"description-off","10":"first","11":"instock","12":"shipping-taxable","13":"product-type-simple"},"aioseo_notices":[],"_links":{"self":[{"href":"https:\/\/www.galerienicolasbourriaud.com\/en\/wp-json\/wp\/v2\/product\/10593","targetHints":{"allow":["GET"]}}],"collection":[{"href":"https:\/\/www.galerienicolasbourriaud.com\/en\/wp-json\/wp\/v2\/product"}],"about":[{"href":"https:\/\/www.galerienicolasbourriaud.com\/en\/wp-json\/wp\/v2\/types\/product"}],"wp:featuredmedia":[{"embeddable":true,"href":"https:\/\/www.galerienicolasbourriaud.com\/en\/wp-json\/wp\/v2\/media\/10570"}],"wp:attachment":[{"href":"https:\/\/www.galerienicolasbourriaud.com\/en\/wp-json\/wp\/v2\/media?parent=10593"}],"wp:term":[{"taxonomy":"product_brand","embeddable":true,"href":"https:\/\/www.galerienicolasbourriaud.com\/en\/wp-json\/wp\/v2\/product_brand?post=10593"},{"taxonomy":"product_cat","embeddable":true,"href":"https:\/\/www.galerienicolasbourriaud.com\/en\/wp-json\/wp\/v2\/product_cat?post=10593"},{"taxonomy":"product_tag","embeddable":true,"href":"https:\/\/www.galerienicolasbourriaud.com\/en\/wp-json\/wp\/v2\/product_tag?post=10593"}],"curies":[{"name":"wp","href":"https:\/\/api.w.org\/{rel}","templated":true}]}}