{"id":10614,"date":"2025-03-21T15:53:03","date_gmt":"2025-03-21T14:53:03","guid":{"rendered":"https:\/\/www.galerienicolasbourriaud.com\/produit\/la-douleur-vers-1890\/"},"modified":"2025-03-21T16:02:07","modified_gmt":"2025-03-21T15:02:07","slug":"la-douleur-vers-1890","status":"publish","type":"product","link":"https:\/\/www.galerienicolasbourriaud.com\/en\/produit\/la-douleur-vers-1890\/","title":{"rendered":"LA DOULEUR (VERS 1890)"},"content":{"rendered":"<p style=\"font-weight: 400;\">The son of a marble supplier, Jean Escoula first worked with Carpeaux, then with Rodin from 1887 to around 1900, for whom he produced a number of works, including the <em>Dana\u00efde<\/em>. This did not prevent him from sculpting works of his own and exhibiting at the Salon des artistes fran\u00e7ais until 1890, when, following in Rodin&#8217;s footsteps, he was admitted to the Soci\u00e9t\u00e9 nationale des Beaux-Arts.<\/p>\n<p style=\"font-weight: 400;\">Escoula took the head of <em>La Douleur<\/em> from his group <em>Mort de Procris<\/em>, which was shown in plaster at the Salon des Artistes fran\u00e7ais in 1890. The subject was inspired by an episode from Greek mythology: Procris was married to Cephalus. Jealous, she hid in the bushes to spy on her husband when he was out hunting. Seeing a branch move, he believed he was in the presence of a prey and pierced his beloved with his javelin. Here, Escoula shows only the head of Cephalus, in despair after his terrible mistake. This open-mouthed head, like that of Canova&#8217;s <em>Medusa<\/em>, could have met the criteria for the \u201ct\u00eate d&#8217;expression\u201d competition founded by the Comte de Caylus in 1760. <em>La Douleur<\/em> also recalls the features of the eldest child in Carpeaux&#8217;s <em>Ugolin <\/em>(1860) and those of Pierre de Wissant in Rodin&#8217;s <em>Bourgeois de Calais<\/em>(1889).<\/p>\n<p style=\"font-weight: 400;\">The public\u00a0 reacted positively, which provokes emotion using a familiar vocabulary. This head was a success. Siot-Decauville edited it in bronze as early as 1898. Despite this, bronze examples remain quite rare to this day, with only two known examples, our cast and the one in the Mus\u00e9e de Valenciennes.<\/p>\n<p style=\"font-weight: 400;\">The precise modeling of this face and the particular twist of the neck give the head a striking force. The broadly treated hair and taut, hollowed muscles, creating harsh contrasts, are reminiscent of contemporary work by Rodin.<\/p>\n<p style=\"font-weight: 400;\">\n","protected":false},"excerpt":{"rendered":"<h1><span style=\"color: #e1b300;\">Jean ESCOULA<\/span><\/h1>\n<p style=\"font-weight: 400;\">Bronze with rich brown patina signed \u201cJ. ESCOULA\u201d.<br \/>\nCast by Siot. Bears the foundry stamp \u201cSIOT PARIS\u201d.<br \/>\n<span style=\"font-size: 14px;\">H. 16 1\u20444 \u201d x W. 13 3\u20444 \u201d x D. 11 3\u20444 \u201d.<br \/>\n<\/span>Circa 1910<\/p>\n<p style=\"font-weight: 400;\">Manuscript source: Mus\u00e9e d&#8217;Orsay documentation &#8211; Escoula box-files: <em>Escoula &#8211; La douleur<\/em><\/p>\n<p style=\"font-weight: 400;\">Related works: <em>La Douleur<\/em>, bronze (H. 42 cm), Mus\u00e9e de Valenciennes; <em>La Douleur<\/em>, plaster (H.42 cm), Paris, Mus\u00e9e d&#8217;Orsay, gift of Mr. Christian Burg (RF 4727); <em>La Douleur,<\/em> marble (H. 52,5cm) Amsterdam, Joan Wijermars.<\/p>\n<p><strong>SOLD<\/strong><\/p>\n","protected":false},"featured_media":10597,"template":"","meta":[],"product_brand":[],"product_cat":[312,729],"product_tag":[],"class_list":{"0":"post-10614","1":"product","2":"type-product","3":"status-publish","4":"has-post-thumbnail","6":"product_cat-chefs-doeuvre-vendu-en","7":"product_cat-jean-escoula-en-2","8":"description-off","10":"first","11":"instock","12":"shipping-taxable","13":"product-type-simple"},"aioseo_notices":[],"_links":{"self":[{"href":"https:\/\/www.galerienicolasbourriaud.com\/en\/wp-json\/wp\/v2\/product\/10614","targetHints":{"allow":["GET"]}}],"collection":[{"href":"https:\/\/www.galerienicolasbourriaud.com\/en\/wp-json\/wp\/v2\/product"}],"about":[{"href":"https:\/\/www.galerienicolasbourriaud.com\/en\/wp-json\/wp\/v2\/types\/product"}],"wp:featuredmedia":[{"embeddable":true,"href":"https:\/\/www.galerienicolasbourriaud.com\/en\/wp-json\/wp\/v2\/media\/10597"}],"wp:attachment":[{"href":"https:\/\/www.galerienicolasbourriaud.com\/en\/wp-json\/wp\/v2\/media?parent=10614"}],"wp:term":[{"taxonomy":"product_brand","embeddable":true,"href":"https:\/\/www.galerienicolasbourriaud.com\/en\/wp-json\/wp\/v2\/product_brand?post=10614"},{"taxonomy":"product_cat","embeddable":true,"href":"https:\/\/www.galerienicolasbourriaud.com\/en\/wp-json\/wp\/v2\/product_cat?post=10614"},{"taxonomy":"product_tag","embeddable":true,"href":"https:\/\/www.galerienicolasbourriaud.com\/en\/wp-json\/wp\/v2\/product_tag?post=10614"}],"curies":[{"name":"wp","href":"https:\/\/api.w.org\/{rel}","templated":true}]}}