{"id":10691,"date":"2025-03-22T15:34:50","date_gmt":"2025-03-22T14:34:50","guid":{"rendered":"https:\/\/www.galerienicolasbourriaud.com\/produit\/jeune-femme-de-profil-probablement-ceres-1877-1890\/"},"modified":"2025-03-22T15:41:35","modified_gmt":"2025-03-22T14:41:35","slug":"jeune-femme-de-profil-probablement-ceres-1877-1890","status":"publish","type":"product","link":"https:\/\/www.galerienicolasbourriaud.com\/en\/produit\/jeune-femme-de-profil-probablement-ceres-1877-1890\/","title":{"rendered":"YOUNG WOMAN IN PROFILE (PROBABLY CERES) (1877-1890)"},"content":{"rendered":"<p style=\"font-weight: 400;\">In addition to the ethnographic sculptures for which he is renowned, Cordier produced numerous medallions throughout his career, such as <em>M.B<\/em>. (bronze medallion, no. 3271) and <em>Mme B.<\/em> (bronze medallion, no. 3273) at the 1850 Salon as well as, on his mission to Italy and Greece of 1858-1859: <em>Femme de l&#8217;Acarmanie, Femme grecque, un Palikare grec, <\/em>etc. As Th\u00e9ophile Gautier wrote in the <em>Moniteur Universel<\/em> of January 13, 1865, about M. Cordier, \u201cThere is no less variety in the medallions, which reproduce with extreme charm various samples of exotic female beauty, including a type of woman from the Morvan, [\u2026.] \u00a0All these medallions are curiously framed in carved oak borders; for M. Cordier is a careful artist, who leaves no detail to chance.\u201d<\/p>\n<p style=\"font-weight: 400;\">So it is hardly surprising to have recently rediscovered this imposing terracotta medallion in its original polychrome frame, surmounted across its full width by an ear of corn. It depicts the head of a young woman crowned with flowers, her natural hair escaping from the top of her headdress. Stylistically very similar to two other medallions already known to exist in a private collection (New York), it may complement a cycle representing the Four Seasons; this is only a possibility, as the iconography of the two medallions in question is hypothetical, one representing <em>Flora <\/em>and the other <em>Zephyr.<\/em> If these were the Four Seasons, our medallion might represent Summer\/<em>Ceres<\/em>, the second Spring\/<em>Flora,<\/em> the third Autumn\/<em>Bacchus<\/em>, and a fourth would be missing, an old man for Winter. As Laure de Margerie points out, it is difficult to associate the Zephyr medallion with Autumn\/<em>Bacchus<\/em>, as the latter has a wing on his head and is identified as Zephyr. Nevertheless, we can imagine that these three medallions formed a decorative ensemble that remains incomplete and unidentified to this day. Our original terracotta is a new discovery in the sculptor&#8217;s oeuvre. According to the catalogue raisonn\u00e9, the two known medallions date from Cordier&#8217;s Nice period and could be dated, without certainty, to around 1877-1890. Leaving Paris at the end of the Second Empire, Cordier first settled in Nice, then, from 1890 onwards, in Algiers, where he ended his life.<\/p>\n<p style=\"font-weight: 400;\">\n<p>&nbsp;<\/p>\n<p>&nbsp;<\/p>\n","protected":false},"excerpt":{"rendered":"<h1><span style=\"color: #e1b300;\">Charles CORDIER<\/span><\/h1>\n<p style=\"font-weight: 400;\">Original terracotta sculpture signed \u201cC Cordier\u201d forming a medallion<br \/>\nH. 31 \u00bc\u201d x L. 28 \u00bc\u201d x D.15 \u00bc\u201d<br \/>\nCirca 1877-1890<br \/>\nIn its original frame.<\/p>\n<p style=\"font-weight: 400;\">Related works: <em>Flore et Z\u00e9phyr<\/em> (?), two terracotta reliefs, in painted plaster frames, circa 1877-1890 (?), New York, Private Collection.<\/p>\n<p style=\"font-weight: 400;\">Manuscript source: Mus\u00e9e d&#8217;Orsay Documentation Center, <em>Charles Cordier<\/em>, Bibliography file-boxes.<\/p>\n<p style=\"font-weight: 400;\">Bibliography: Laure de Margerie and Edouard Papet, eds., <em>1827-1905,<\/em> <em>Charles Cordier, l&#8217;autre et l&#8217;ailleurs<\/em>, exhibition catalog, Paris, Mus\u00e9e d&#8217;Orsay, February 2 &#8211; May 2, 2004; Quebec City, Mus\u00e9e national des Beaux-Arts du Qu\u00e9bec, June 10 &#8211; September 6, 2004; New York, Dahesh Museum of Art, October 12, 2004 &#8211; January 9, 2005, catalogue raisonn\u00e9, page 170.<\/p>\n<p style=\"font-weight: 400;\">\n<p><br style=\"font-weight: 400;\" \/><br style=\"font-weight: 400;\" \/><\/p>\n<p><span style=\"font-weight: 400;\"><br style=\"font-weight: 400;\" \/><br style=\"font-weight: 400;\" \/><\/span><\/p>\n<p><br style=\"font-weight: 400;\" \/><br style=\"font-weight: 400;\" \/><br style=\"font-weight: 400;\" \/><br style=\"font-weight: 400;\" \/><\/p>\n","protected":false},"featured_media":10688,"template":"","meta":[],"product_brand":[],"product_cat":[599,267,260,269],"product_tag":[],"class_list":{"0":"post-10691","1":"product","2":"type-product","3":"status-publish","4":"has-post-thumbnail","6":"product_cat-charles-cordier-en-2","7":"product_cat-chefs-d-oeuvre-en-vente-en","8":"product_cat-galerie-faubourg-saint-honore-en","9":"product_cat-sculptures-xixeme-en","10":"description-off","12":"first","13":"instock","14":"shipping-taxable","15":"product-type-simple"},"aioseo_notices":[],"_links":{"self":[{"href":"https:\/\/www.galerienicolasbourriaud.com\/en\/wp-json\/wp\/v2\/product\/10691","targetHints":{"allow":["GET"]}}],"collection":[{"href":"https:\/\/www.galerienicolasbourriaud.com\/en\/wp-json\/wp\/v2\/product"}],"about":[{"href":"https:\/\/www.galerienicolasbourriaud.com\/en\/wp-json\/wp\/v2\/types\/product"}],"wp:featuredmedia":[{"embeddable":true,"href":"https:\/\/www.galerienicolasbourriaud.com\/en\/wp-json\/wp\/v2\/media\/10688"}],"wp:attachment":[{"href":"https:\/\/www.galerienicolasbourriaud.com\/en\/wp-json\/wp\/v2\/media?parent=10691"}],"wp:term":[{"taxonomy":"product_brand","embeddable":true,"href":"https:\/\/www.galerienicolasbourriaud.com\/en\/wp-json\/wp\/v2\/product_brand?post=10691"},{"taxonomy":"product_cat","embeddable":true,"href":"https:\/\/www.galerienicolasbourriaud.com\/en\/wp-json\/wp\/v2\/product_cat?post=10691"},{"taxonomy":"product_tag","embeddable":true,"href":"https:\/\/www.galerienicolasbourriaud.com\/en\/wp-json\/wp\/v2\/product_tag?post=10691"}],"curies":[{"name":"wp","href":"https:\/\/api.w.org\/{rel}","templated":true}]}}