{"id":11350,"date":"2025-05-28T14:34:08","date_gmt":"2025-05-28T12:34:08","guid":{"rendered":"https:\/\/www.galerienicolasbourriaud.com\/produit\/buste-de-suzon-entre-1873-et-1875-taille-originale-dite-aussi-taille-5\/"},"modified":"2025-05-28T15:11:53","modified_gmt":"2025-05-28T13:11:53","slug":"buste-de-suzon-entre-1873-et-1875-taille-originale-dite-aussi-taille-5","status":"publish","type":"product","link":"https:\/\/www.galerienicolasbourriaud.com\/en\/produit\/buste-de-suzon-entre-1873-et-1875-taille-originale-dite-aussi-taille-5\/","title":{"rendered":"BUST OF SUZON (BETWEEN 1873 AND 1875), ORIGINAL SIZE ALSO SAID &#8220;SIZE 5&#8221;"},"content":{"rendered":"<p>&nbsp;<\/p>\n<p>&nbsp;<\/p>\n","protected":false},"excerpt":{"rendered":"<h1><span style=\"color: #e1b300;\">Auguste RODIN<\/span><\/h1>\n<p style=\"font-weight: 400;\">Bronze with nuanced light brown patina, signed \u00ab A Rodin \u00bb<br \/>\nCast from the artist&#8217;s lifetime by la Compagnie des Bronzes de Bruxelles, bears the mark \u00ab Cie des Bronzes \/ Bruxelles \u00bb \u00a0and the number \u00ab 6739\u00a0 \u00bb stamped at the back.<br \/>\nH. 12,7&#8243; x W. 7&#8243; x P. 6,9&#8243; (H. 15,7&#8243; with the base)<br \/>\nCircular base (H. 3,3&#8243; x W. 5,3&#8243;)<\/p>\n<p style=\"font-weight: 400;\">Circa 1880-1900<\/p>\n<p style=\"font-weight: 400;\">Provenance: private collection, France<\/p>\n<p style=\"font-weight: 400;\">Literature: A. Le Normand-Romain, <em>Rodin et le bronze, catalogue des \u0153uvres conserv\u00e9es au mus\u00e9e Rodin<\/em>, 2007, tome 2, pages 662 \u00e0 665, model reproduced page 662.<strong><em>\u00a0<\/em><\/strong><\/p>\n<p style=\"font-weight: 400;\">A notice of inclusion in the <em>Catalogue critique de l&#8217;\u0153uvre sculpt\u00e9 d&#8217;Auguste Rodin<\/em> currently being prepared by Galerie Brame &amp; Lorenceau under the direction of J\u00e9r\u00f4me Le Blay, dated 7 may 2025 and numbered 2025-7385B will be provided to the buyer.<\/p>\n<p>&nbsp;<\/p>\n<p>&nbsp;<\/p>\n","protected":false},"featured_media":11329,"template":"","meta":[],"product_brand":[],"product_cat":[270,267,260,269],"product_tag":[],"class_list":{"0":"post-11350","1":"product","2":"type-product","3":"status-publish","4":"has-post-thumbnail","6":"product_cat-auguste-rodin-en","7":"product_cat-chefs-d-oeuvre-en-vente-en","8":"product_cat-galerie-faubourg-saint-honore-en","9":"product_cat-sculptures-xixeme-en","10":"description-off","12":"first","13":"instock","14":"shipping-taxable","15":"product-type-simple"},"aioseo_notices":[],"_links":{"self":[{"href":"https:\/\/www.galerienicolasbourriaud.com\/en\/wp-json\/wp\/v2\/product\/11350","targetHints":{"allow":["GET"]}}],"collection":[{"href":"https:\/\/www.galerienicolasbourriaud.com\/en\/wp-json\/wp\/v2\/product"}],"about":[{"href":"https:\/\/www.galerienicolasbourriaud.com\/en\/wp-json\/wp\/v2\/types\/product"}],"wp:featuredmedia":[{"embeddable":true,"href":"https:\/\/www.galerienicolasbourriaud.com\/en\/wp-json\/wp\/v2\/media\/11329"}],"wp:attachment":[{"href":"https:\/\/www.galerienicolasbourriaud.com\/en\/wp-json\/wp\/v2\/media?parent=11350"}],"wp:term":[{"taxonomy":"product_brand","embeddable":true,"href":"https:\/\/www.galerienicolasbourriaud.com\/en\/wp-json\/wp\/v2\/product_brand?post=11350"},{"taxonomy":"product_cat","embeddable":true,"href":"https:\/\/www.galerienicolasbourriaud.com\/en\/wp-json\/wp\/v2\/product_cat?post=11350"},{"taxonomy":"product_tag","embeddable":true,"href":"https:\/\/www.galerienicolasbourriaud.com\/en\/wp-json\/wp\/v2\/product_tag?post=11350"}],"curies":[{"name":"wp","href":"https:\/\/api.w.org\/{rel}","templated":true}]}}