{"id":11421,"date":"2025-05-30T12:16:59","date_gmt":"2025-05-30T10:16:59","guid":{"rendered":"https:\/\/www.galerienicolasbourriaud.com\/produit\/poulain-trottant-1945\/"},"modified":"2026-02-07T14:51:35","modified_gmt":"2026-02-07T13:51:35","slug":"poulain-trottant-1945","status":"publish","type":"product","link":"https:\/\/www.galerienicolasbourriaud.com\/en\/produit\/poulain-trottant-1945\/","title":{"rendered":"TROTTING FOAL (1945)"},"content":{"rendered":"<p>&nbsp;<\/p>\n<p>&nbsp;<\/p>\n","protected":false},"excerpt":{"rendered":"<h1><span style=\"color: #e1b300;\">Auguste Nicolas TR\u00c9MONT<\/span><\/h1>\n<p><span style=\"font-weight: 400;\">Bronze with nuanced light brown patina, signed \u00ab A. Tr\u00e9mont. \u00bb<br \/>\n<\/span><span style=\"font-weight: 400;\">Cast by Claude Valsuani, bears the founder&#8217;s stamp \u00ab C.VALSUANI\/ CIRE PERDUE \u00bb<br \/>\nH. 12&#8243;<\/span><span style=\"font-size: 14px;\"> x W. 14,7&#8243; x D. 4&#8243;.<br \/>\n<\/span><span style=\"font-weight: 400;\">Circa 1945<\/span><\/p>\n<p style=\"font-weight: 400;\">Exhibition:\u00a0 <em>Auguste Tr\u00e9mont<\/em>, \u00e0 la Soci\u00e9t\u00e9 Royale de zoologie d\u2019Anvers, from August 26 to September 13 1954, Anvers, 1954, n\u00b0 19 et 20.<\/p>\n<p style=\"font-weight: 400;\">Literature: Georges SCHMITT, <em>Auguste Tre\u0301mont<\/em>, Luxembourg, 1980, model reproduced p. 123.<\/p>\n<p><strong>SOLD<\/strong><\/p>\n<p>&nbsp;<\/p>\n","protected":false},"featured_media":11404,"template":"","meta":[],"product_brand":[],"product_cat":[280,312],"product_tag":[],"class_list":{"0":"post-11421","1":"product","2":"type-product","3":"status-publish","4":"has-post-thumbnail","6":"product_cat-auguste-nicolas-tremont-en","7":"product_cat-chefs-doeuvre-vendu-en","8":"description-off","10":"first","11":"instock","12":"shipping-taxable","13":"product-type-simple"},"aioseo_notices":[],"_links":{"self":[{"href":"https:\/\/www.galerienicolasbourriaud.com\/en\/wp-json\/wp\/v2\/product\/11421","targetHints":{"allow":["GET"]}}],"collection":[{"href":"https:\/\/www.galerienicolasbourriaud.com\/en\/wp-json\/wp\/v2\/product"}],"about":[{"href":"https:\/\/www.galerienicolasbourriaud.com\/en\/wp-json\/wp\/v2\/types\/product"}],"wp:featuredmedia":[{"embeddable":true,"href":"https:\/\/www.galerienicolasbourriaud.com\/en\/wp-json\/wp\/v2\/media\/11404"}],"wp:attachment":[{"href":"https:\/\/www.galerienicolasbourriaud.com\/en\/wp-json\/wp\/v2\/media?parent=11421"}],"wp:term":[{"taxonomy":"product_brand","embeddable":true,"href":"https:\/\/www.galerienicolasbourriaud.com\/en\/wp-json\/wp\/v2\/product_brand?post=11421"},{"taxonomy":"product_cat","embeddable":true,"href":"https:\/\/www.galerienicolasbourriaud.com\/en\/wp-json\/wp\/v2\/product_cat?post=11421"},{"taxonomy":"product_tag","embeddable":true,"href":"https:\/\/www.galerienicolasbourriaud.com\/en\/wp-json\/wp\/v2\/product_tag?post=11421"}],"curies":[{"name":"wp","href":"https:\/\/api.w.org\/{rel}","templated":true}]}}