{"id":11744,"date":"2025-07-05T17:11:06","date_gmt":"2025-07-05T15:11:06","guid":{"rendered":"https:\/\/www.galerienicolasbourriaud.com\/produit\/tete-de-sculpteur-florentin-1883\/"},"modified":"2025-11-26T15:44:01","modified_gmt":"2025-11-26T14:44:01","slug":"tete-de-sculpteur-florentin-1883","status":"publish","type":"product","link":"https:\/\/www.galerienicolasbourriaud.com\/en\/produit\/tete-de-sculpteur-florentin-1883\/","title":{"rendered":"HEAD OF A FLORENTINE SCULPTOR (1883)"},"content":{"rendered":"<p>&nbsp;<\/p>\n<p>&nbsp;<\/p>\n","protected":false},"excerpt":{"rendered":"<h1><span style=\"color: #e1b300;\">Alfred BOUCHER\u00a0<\/span><\/h1>\n<p><span style=\"font-weight: 400;\">Marble, signed \u00a0<\/span><span style=\"font-weight: 400;\">\u00ab A. BOUCHER \u00bb.<br \/>\nH. 11,5&#8243;<\/span><span style=\"font-size: 14px;\"><br \/>\n<\/span><span style=\"font-weight: 400;\">Circa 1885<br \/>\n<\/span><span style=\"font-weight: 400;\">Provenance: Belgian private collection .<br \/>\n<\/span><span style=\"font-weight: 400;\">Literature: Jacques Piette, <\/span><i><span style=\"font-weight: 400;\">Alfred Boucher (1850-1934) L&#8217;\u0153uvre sculpt\u00e9, catalogue raisonn\u00e9, <\/span><\/i><span style=\"font-weight: 400;\">2013, marble example referenced under the \u00a0n\u00b0 A20, page 116-117.<\/span><\/p>\n<p style=\"font-weight: 400;\"><br style=\"font-weight: 400;\" \/><br style=\"font-weight: 400;\" \/><\/p>\n<p>&nbsp;<\/p>\n<p>&nbsp;<\/p>\n","protected":false},"featured_media":11733,"template":"","meta":[],"product_brand":[],"product_cat":[441,267,256,257],"product_tag":[],"class_list":{"0":"post-11744","1":"product","2":"type-product","3":"status-publish","4":"has-post-thumbnail","6":"product_cat-alfred-boucher-en-2","7":"product_cat-chefs-d-oeuvre-en-vente-en","8":"product_cat-galerie-quai-voltaire-en","9":"product_cat-sculptures-xxeme-en","10":"description-off","12":"first","13":"instock","14":"shipping-taxable","15":"product-type-simple"},"aioseo_notices":[],"_links":{"self":[{"href":"https:\/\/www.galerienicolasbourriaud.com\/en\/wp-json\/wp\/v2\/product\/11744","targetHints":{"allow":["GET"]}}],"collection":[{"href":"https:\/\/www.galerienicolasbourriaud.com\/en\/wp-json\/wp\/v2\/product"}],"about":[{"href":"https:\/\/www.galerienicolasbourriaud.com\/en\/wp-json\/wp\/v2\/types\/product"}],"wp:featuredmedia":[{"embeddable":true,"href":"https:\/\/www.galerienicolasbourriaud.com\/en\/wp-json\/wp\/v2\/media\/11733"}],"wp:attachment":[{"href":"https:\/\/www.galerienicolasbourriaud.com\/en\/wp-json\/wp\/v2\/media?parent=11744"}],"wp:term":[{"taxonomy":"product_brand","embeddable":true,"href":"https:\/\/www.galerienicolasbourriaud.com\/en\/wp-json\/wp\/v2\/product_brand?post=11744"},{"taxonomy":"product_cat","embeddable":true,"href":"https:\/\/www.galerienicolasbourriaud.com\/en\/wp-json\/wp\/v2\/product_cat?post=11744"},{"taxonomy":"product_tag","embeddable":true,"href":"https:\/\/www.galerienicolasbourriaud.com\/en\/wp-json\/wp\/v2\/product_tag?post=11744"}],"curies":[{"name":"wp","href":"https:\/\/api.w.org\/{rel}","templated":true}]}}