{"id":11954,"date":"2025-09-18T14:49:31","date_gmt":"2025-09-18T12:49:31","guid":{"rendered":"https:\/\/www.galerienicolasbourriaud.com\/produit\/la-joueuse-dosselets-1917\/"},"modified":"2025-09-18T15:02:56","modified_gmt":"2025-09-18T13:02:56","slug":"la-joueuse-dosselets-1917","status":"publish","type":"product","link":"https:\/\/www.galerienicolasbourriaud.com\/en\/produit\/la-joueuse-dosselets-1917\/","title":{"rendered":"THE KNUCKLE PLAYER (1917)"},"content":{"rendered":"<p>&nbsp;<\/p>\n<p>&nbsp;<\/p>\n<p>&nbsp;<\/p>\n","protected":false},"excerpt":{"rendered":"<h1><span style=\"color: #e1b300;\">Charles BIGONET\u00a0<\/span><\/h1>\n<p><span style=\"font-weight: 400;\">Bronze with nuanced brown patina, signed \u00ab C Bigonet \u00bb<br \/>\n<\/span><span style=\"font-weight: 400;\">Cast by Bisceglia. Bears the founder&#8217;s stamp \u00ab CIRE PERDUE \/ BISCEGLIA \u00bb<br \/>\nH. 10,4&#8243;<\/span><span style=\"font-size: 14px;\"> x L. 9,2&#8243; x P. 8,6&#8243;.<br \/>\n<\/span><span style=\"font-weight: 400;\">On a base of fine black Belgian marble <\/span><span style=\"font-weight: 400;\"> 1,5&#8243; x 9,8&#8243; x 9,2&#8243;<br \/>\n<\/span><span style=\"font-weight: 400;\">Circa 1925-1930<\/span><\/p>\n<p><span style=\"font-weight: 400;\">Literature: Henri Bouchard, <\/span><i><span style=\"font-weight: 400;\">Charles Bigonet : sculpteur orientaliste<\/span><\/i><span style=\"font-weight: 400;\">, Paris, 1933 ; Pierre Kjellberg, <\/span><i><span style=\"font-weight: 400;\">Les bronzes du XIXe si\u00e8cle, dictionnaire des sculpteurs,<\/span><\/i><span style=\"font-weight: 400;\"> Paris, 1987, page 96 ; St\u00e9phane Richemond, <\/span><i><span style=\"font-weight: 400;\">Les Orientalistes : Dictionnaire des sculpteurs, XIX\u00e8me-XX\u00e8me si\u00e8cles<\/span><\/i><span style=\"font-weight: 400;\">, Paris, 2008, p. 46.<\/span><\/p>\n<p><span style=\"font-weight: 400;\">Exhibition: Salon des artistes fran\u00e7ais de 1920, <\/span><i><span style=\"font-weight: 400;\">Joueuse d\u2019osselets<\/span><\/i><span style=\"font-weight: 400;\">, bronze, n\u00b0 2865 ; Salon des Peintres Orientalistes Fran\u00e7ais de 1923, <\/span><i><span style=\"font-weight: 400;\">Joueuse d\u2019osselets<\/span><\/i><span style=\"font-weight: 400;\">, lost wax, n\u00b0 237.<\/span><\/p>\n<p><br style=\"font-weight: 400;\" \/><br style=\"font-weight: 400;\" \/><br style=\"font-weight: 400;\" \/><br style=\"font-weight: 400;\" \/><\/p>\n<p>&nbsp;<\/p>\n<p><br style=\"font-weight: 400;\" \/><br style=\"font-weight: 400;\" \/><\/p>\n<p style=\"font-weight: 400;\"><br style=\"font-weight: 400;\" \/><br style=\"font-weight: 400;\" \/><\/p>\n","protected":false},"featured_media":11935,"template":"","meta":[],"product_brand":[],"product_cat":[766,260,257],"product_tag":[],"class_list":{"0":"post-11954","1":"product","2":"type-product","3":"status-publish","4":"has-post-thumbnail","6":"product_cat-charles-bigonet-en-2","7":"product_cat-galerie-faubourg-saint-honore-en","8":"product_cat-sculptures-xxeme-en","9":"description-off","11":"first","12":"instock","13":"shipping-taxable","14":"product-type-simple"},"aioseo_notices":[],"_links":{"self":[{"href":"https:\/\/www.galerienicolasbourriaud.com\/en\/wp-json\/wp\/v2\/product\/11954","targetHints":{"allow":["GET"]}}],"collection":[{"href":"https:\/\/www.galerienicolasbourriaud.com\/en\/wp-json\/wp\/v2\/product"}],"about":[{"href":"https:\/\/www.galerienicolasbourriaud.com\/en\/wp-json\/wp\/v2\/types\/product"}],"wp:featuredmedia":[{"embeddable":true,"href":"https:\/\/www.galerienicolasbourriaud.com\/en\/wp-json\/wp\/v2\/media\/11935"}],"wp:attachment":[{"href":"https:\/\/www.galerienicolasbourriaud.com\/en\/wp-json\/wp\/v2\/media?parent=11954"}],"wp:term":[{"taxonomy":"product_brand","embeddable":true,"href":"https:\/\/www.galerienicolasbourriaud.com\/en\/wp-json\/wp\/v2\/product_brand?post=11954"},{"taxonomy":"product_cat","embeddable":true,"href":"https:\/\/www.galerienicolasbourriaud.com\/en\/wp-json\/wp\/v2\/product_cat?post=11954"},{"taxonomy":"product_tag","embeddable":true,"href":"https:\/\/www.galerienicolasbourriaud.com\/en\/wp-json\/wp\/v2\/product_tag?post=11954"}],"curies":[{"name":"wp","href":"https:\/\/api.w.org\/{rel}","templated":true}]}}