{"id":12196,"date":"2025-09-24T11:38:40","date_gmt":"2025-09-24T09:38:40","guid":{"rendered":"https:\/\/www.galerienicolasbourriaud.com\/produit\/projet-de-fontaine\/"},"modified":"2025-09-24T11:51:10","modified_gmt":"2025-09-24T09:51:10","slug":"projet-de-fontaine","status":"publish","type":"product","link":"https:\/\/www.galerienicolasbourriaud.com\/en\/produit\/projet-de-fontaine\/","title":{"rendered":"FOUNTAIN PROJECT"},"content":{"rendered":"<p>&nbsp;<\/p>\n<p>&nbsp;<\/p>\n","protected":false},"excerpt":{"rendered":"<h1><span style=\"color: #e1b300;\">Alexandre FALGUI\u00c8RE<\/span><\/h1>\n<p style=\"font-weight: 400;\">Original terra cotta signed \u00ab Falgui\u00e8re \u00bb, dated 1859 and dedicated \u00ab M. Biscons hommage de l\u2019artiste \u00bb<br \/>\nH. 52,3&#8243; x W. 33,4&#8243; x D. 14,9&#8243;.<br \/>\n1859<\/p>\n<p style=\"font-weight: 400;\">Literature: A Moulinier, \u00ab Une toile in\u00e9dite de Falgui\u00e8re \u00bb, <em>L&#8217;Art m\u00e9ridional<\/em>, n\u00b0150, 15 June \u00a01900, work cited p. 94 ;\u00a0 \u00ab N\u00e9crologie \u00bb, <em>Le Rappel<\/em>, 16 janvier 1903, sur les rapports de M. Biscons et Falgui\u00e8re ; Anne Pingeot,\u00a0 \u00ab Le fonds Falgui\u00e8re au Mus\u00e9e du Louvre \u00bb, <em>Bulletin de la Soci\u00e9t\u00e9 d\u2019Histoire de l\u2019Art Fran\u00e7ais<\/em>, 1978, p. 263 \u00e0 290 ; L\u00e9once B\u00e9n\u00e9dite,\u00a0 \u00ab Artiste contemporain Alexandre Falgui\u00e8re\u00a0 \u00bb, <em>Revue de l\u2019art ancien et moderne<\/em>, t. XI, 1902, p. 65 \u00e0 86\u00a0; Y. Rambosson, \u00ab Quelques \u0153uvres peu connues de Alexandre Falgui\u00e8re\u00bb, <em>Les Arts<\/em>, march 1902, p. 28 \u00e0 32.<\/p>\n<p><strong>SOLD\u00a0<\/strong><\/p>\n","protected":false},"featured_media":12189,"template":"","meta":[],"product_brand":[],"product_cat":[455,312],"product_tag":[],"class_list":{"0":"post-12196","1":"product","2":"type-product","3":"status-publish","4":"has-post-thumbnail","6":"product_cat-alexandre-falguiere-en","7":"product_cat-chefs-doeuvre-vendu-en","8":"description-off","10":"first","11":"instock","12":"shipping-taxable","13":"product-type-simple"},"aioseo_notices":[],"_links":{"self":[{"href":"https:\/\/www.galerienicolasbourriaud.com\/en\/wp-json\/wp\/v2\/product\/12196","targetHints":{"allow":["GET"]}}],"collection":[{"href":"https:\/\/www.galerienicolasbourriaud.com\/en\/wp-json\/wp\/v2\/product"}],"about":[{"href":"https:\/\/www.galerienicolasbourriaud.com\/en\/wp-json\/wp\/v2\/types\/product"}],"wp:featuredmedia":[{"embeddable":true,"href":"https:\/\/www.galerienicolasbourriaud.com\/en\/wp-json\/wp\/v2\/media\/12189"}],"wp:attachment":[{"href":"https:\/\/www.galerienicolasbourriaud.com\/en\/wp-json\/wp\/v2\/media?parent=12196"}],"wp:term":[{"taxonomy":"product_brand","embeddable":true,"href":"https:\/\/www.galerienicolasbourriaud.com\/en\/wp-json\/wp\/v2\/product_brand?post=12196"},{"taxonomy":"product_cat","embeddable":true,"href":"https:\/\/www.galerienicolasbourriaud.com\/en\/wp-json\/wp\/v2\/product_cat?post=12196"},{"taxonomy":"product_tag","embeddable":true,"href":"https:\/\/www.galerienicolasbourriaud.com\/en\/wp-json\/wp\/v2\/product_tag?post=12196"}],"curies":[{"name":"wp","href":"https:\/\/api.w.org\/{rel}","templated":true}]}}