{"id":12228,"date":"2025-09-27T11:42:23","date_gmt":"2025-09-27T09:42:23","guid":{"rendered":"https:\/\/www.galerienicolasbourriaud.com\/produit\/le-prince-imperial-et-son-chien-nero-1865-2\/"},"modified":"2025-09-27T12:03:33","modified_gmt":"2025-09-27T10:03:33","slug":"le-prince-imperial-et-son-chien-nero-1865-2","status":"publish","type":"product","link":"https:\/\/www.galerienicolasbourriaud.com\/en\/produit\/le-prince-imperial-et-son-chien-nero-1865-2\/","title":{"rendered":"THE CROWN PRINCE AND HIS DOG N\u00c9RO (1865)"},"content":{"rendered":"<p style=\"font-weight: 400;\">\n<p>&nbsp;<\/p>\n<p>&nbsp;<\/p>\n<p>&nbsp;<\/p>\n<p>&nbsp;<\/p>\n<p>&nbsp;<\/p>\n<p>&nbsp;<\/p>\n<p>&nbsp;<\/p>\n","protected":false},"excerpt":{"rendered":"<h1><span style=\"color: #e1b300;\">Jean-Baptiste CARPEAUX<\/span><\/h1>\n<p style=\"font-weight: 400;\">Aluminium bronze with nuanced brown patina, signed \u00ab Carpeaux SC. \u00bb.<br \/>\nCast by Paul Morin, bears the founder&#8217;s mark \u00ab Paul Morin Fr \u00bb.<br \/>\nH. 10,9&#8243; x W. 5&#8243; x D. 4,7&#8243;<br \/>\nCirca 1866<\/p>\n<p style=\"font-weight: 400;\">On its original black marble base bearing an old label<br \/>\nUnique piece.<\/p>\n<p style=\"font-weight: 400;\">Provenance: created for the Empress \u00a0Eug\u00e9nie by Paul Morin.<br \/>\n<span style=\"font-weight: 400;\">Literature: E. Lambert \u00ab L\u2019aluminium et ses applications artistiques et industrielles \u00bb dans <em>L\u2019Art au<\/em> <em>dix-neuvi\u00e8me si\u00e8cle<\/em>, t.III (1858) pp 60-61, 70-72\u00a0; H. Sainte-Claire-Deville, <em>De l\u2019Aluminium\u00a0: Ses propri\u00e9t\u00e9s, sa fabrication et ses applications,<\/em> Paris, 1859, pp 8-9\u00a0; <em>L\u2019art en France sous le Second Empire<\/em>, catalogue de l\u2019exposition, Philadelphia Museum of Art du 1<sup>er<\/sup> octobre au 26 novembre 1978, Detroit Institute of Arts du 18 janvier au 18 mars 1979, Paris, Grand Palais, du 11 mai au 13 ao\u00fbt 1979, pp 18, 157, 168, 196, 265\u00a0; <\/span><span style=\"font-weight: 400;\">M. Poletti, A. Richarme, <em>Jean-Baptiste Carpeaux sculpteur : catalogue raisonn\u00e9 de l&#8217;\u0153uvre \u00e9dit\u00e9<\/em>, Paris, 2003, p.68, mod\u00e8le r\u00e9f\u00e9renc\u00e9 sous le n\u00b0 SA17\u00a0; Jean Plateau et Thierry Renaux, <em>L\u2019aluminium et Paul Morin au Moulin noir Nanterre, 1857-1890<\/em>, Soci\u00e9t\u00e9 d\u2019Histoire de Nanterre, Bulletin n\u00b0 39, Septembre 2007\u00a0; Feuille de salle de l\u2019exposition <em>Dessins de Jean-Baptiste Carpeaux<\/em>, <em>Carpeaux et le prince Imp\u00e9rial,<\/em>Valenciennes, mus\u00e9e des Beaux-Arts du 18 septembre 2011 au 22 mars 2012\u00a0; Jean Plateau, Pierre Plateau et Thierry Renaux, <em>Les oeuvres de Paul Morin (1857-1890) catalogue illustr\u00e9 des objets en aluminium et bronze d\u2019aluminium fabriqu\u00e9s \u00e0 Nanterre par Paul Morin et Compagnie<\/em>, Soci\u00e9t\u00e9 d\u2019histoire de Nanterre, bulletin n\u00b0 50, avril 2013\u00a0; Thierry Renaux, Jean Plateau \u00ab\u00a0Un bronze (d\u2019aluminium) de Paul Morin\u00a0\u00bb dans <em>Cahiers d\u2019histoire de l\u2019aluminium \/ 56-57, <\/em>2016, p. 128-129<\/span><\/p>\n<p><br style=\"font-weight: 400;\" \/><br style=\"font-weight: 400;\" \/><\/p>\n<p>&nbsp;<\/p>\n<p>&nbsp;<\/p>\n<p>&nbsp;<\/p>\n","protected":false},"featured_media":12221,"template":"","meta":[],"product_brand":[],"product_cat":[267,260,268,269],"product_tag":[],"class_list":{"0":"post-12228","1":"product","2":"type-product","3":"status-publish","4":"has-post-thumbnail","6":"product_cat-chefs-d-oeuvre-en-vente-en","7":"product_cat-galerie-faubourg-saint-honore-en","8":"product_cat-jean-baptiste-carpeaux-en","9":"product_cat-sculptures-xixeme-en","10":"description-off","12":"first","13":"instock","14":"shipping-taxable","15":"product-type-simple"},"aioseo_notices":[],"_links":{"self":[{"href":"https:\/\/www.galerienicolasbourriaud.com\/en\/wp-json\/wp\/v2\/product\/12228","targetHints":{"allow":["GET"]}}],"collection":[{"href":"https:\/\/www.galerienicolasbourriaud.com\/en\/wp-json\/wp\/v2\/product"}],"about":[{"href":"https:\/\/www.galerienicolasbourriaud.com\/en\/wp-json\/wp\/v2\/types\/product"}],"wp:featuredmedia":[{"embeddable":true,"href":"https:\/\/www.galerienicolasbourriaud.com\/en\/wp-json\/wp\/v2\/media\/12221"}],"wp:attachment":[{"href":"https:\/\/www.galerienicolasbourriaud.com\/en\/wp-json\/wp\/v2\/media?parent=12228"}],"wp:term":[{"taxonomy":"product_brand","embeddable":true,"href":"https:\/\/www.galerienicolasbourriaud.com\/en\/wp-json\/wp\/v2\/product_brand?post=12228"},{"taxonomy":"product_cat","embeddable":true,"href":"https:\/\/www.galerienicolasbourriaud.com\/en\/wp-json\/wp\/v2\/product_cat?post=12228"},{"taxonomy":"product_tag","embeddable":true,"href":"https:\/\/www.galerienicolasbourriaud.com\/en\/wp-json\/wp\/v2\/product_tag?post=12228"}],"curies":[{"name":"wp","href":"https:\/\/api.w.org\/{rel}","templated":true}]}}