{"id":12255,"date":"2025-09-27T12:05:49","date_gmt":"2025-09-27T10:05:49","guid":{"rendered":"https:\/\/www.galerienicolasbourriaud.com\/produit\/fakir-aux-serpents-1903\/"},"modified":"2025-09-27T12:17:45","modified_gmt":"2025-09-27T10:17:45","slug":"fakir-aux-serpents-1903","status":"publish","type":"product","link":"https:\/\/www.galerienicolasbourriaud.com\/en\/produit\/fakir-aux-serpents-1903\/","title":{"rendered":"SNAKE FAKIR (1903)"},"content":{"rendered":"<p style=\"font-weight: 400;\">\n<p>&nbsp;<\/p>\n<p>&nbsp;<\/p>\n<p>&nbsp;<\/p>\n","protected":false},"excerpt":{"rendered":"<h1><span style=\"color: #e1b300;\">Paul LANDOWSKI<\/span><\/h1>\n<p style=\"font-weight: 400;\">Bronze with nuanced green brown patina, signed \u00ab P. Landowski \u00bb and dated 1903<br \/>\nCast by Bisceglia, bears the founder&#8217;s mark \u00ab CIRE PERDUE \/ BISCEGLIA F<sup>RES<\/sup> \/ PARIS \u00bb and the number \u00ab 2 \u00bb.<br \/>\nH. 20&#8243; x W. 16,9&#8243; x D. 11&#8243;.<br \/>\nCirca 1907<br \/>\nLiterature: Raymond Isay, <em>Paul Landowski<\/em>, Librairie de France, 1932, page 34 (Fakir aux serpents &#8211; vingt-cinq \u00e9preuves num\u00e9rot\u00e9es) ; Foucart, Lefran\u00e7ois, Caillet, <em>Landowski<\/em>, \u00c9ditions Van Wilder, 1989, page 88, reproduced page 89.<\/p>\n<p>&nbsp;<\/p>\n<p>&nbsp;<\/p>\n","protected":false},"featured_media":12232,"template":"","meta":[],"product_brand":[],"product_cat":[260,303,257],"product_tag":[],"class_list":{"0":"post-12255","1":"product","2":"type-product","3":"status-publish","4":"has-post-thumbnail","6":"product_cat-galerie-faubourg-saint-honore-en","7":"product_cat-paul-landowski-en","8":"product_cat-sculptures-xxeme-en","9":"description-off","11":"first","12":"instock","13":"shipping-taxable","14":"product-type-simple"},"aioseo_notices":[],"_links":{"self":[{"href":"https:\/\/www.galerienicolasbourriaud.com\/en\/wp-json\/wp\/v2\/product\/12255","targetHints":{"allow":["GET"]}}],"collection":[{"href":"https:\/\/www.galerienicolasbourriaud.com\/en\/wp-json\/wp\/v2\/product"}],"about":[{"href":"https:\/\/www.galerienicolasbourriaud.com\/en\/wp-json\/wp\/v2\/types\/product"}],"wp:featuredmedia":[{"embeddable":true,"href":"https:\/\/www.galerienicolasbourriaud.com\/en\/wp-json\/wp\/v2\/media\/12232"}],"wp:attachment":[{"href":"https:\/\/www.galerienicolasbourriaud.com\/en\/wp-json\/wp\/v2\/media?parent=12255"}],"wp:term":[{"taxonomy":"product_brand","embeddable":true,"href":"https:\/\/www.galerienicolasbourriaud.com\/en\/wp-json\/wp\/v2\/product_brand?post=12255"},{"taxonomy":"product_cat","embeddable":true,"href":"https:\/\/www.galerienicolasbourriaud.com\/en\/wp-json\/wp\/v2\/product_cat?post=12255"},{"taxonomy":"product_tag","embeddable":true,"href":"https:\/\/www.galerienicolasbourriaud.com\/en\/wp-json\/wp\/v2\/product_tag?post=12255"}],"curies":[{"name":"wp","href":"https:\/\/api.w.org\/{rel}","templated":true}]}}