{"id":12272,"date":"2025-09-27T14:28:12","date_gmt":"2025-09-27T12:28:12","guid":{"rendered":"https:\/\/www.galerienicolasbourriaud.com\/produit\/torse-de-femme-8\/"},"modified":"2025-09-27T14:39:26","modified_gmt":"2025-09-27T12:39:26","slug":"torse-de-femme-8","status":"publish","type":"product","link":"https:\/\/www.galerienicolasbourriaud.com\/en\/produit\/torse-de-femme-8\/","title":{"rendered":"WOMAN TORSO"},"content":{"rendered":"<p>&nbsp;<\/p>\n<p>&nbsp;<\/p>\n<p>&nbsp;<\/p>\n<p>&nbsp;<\/p>\n","protected":false},"excerpt":{"rendered":"<h1><span style=\"color: #e1b300;\">Louis DEJEAN\u00a0<\/span><\/h1>\n<p style=\"font-weight: 400;\">Carrara marble, signed \u00a0\u00ab L. Dejean \u00bb<br \/>\nH. 15,5&#8243; x W. 5,5&#8243; x D. 3,9&#8243;.<br \/>\nCirca 1930<\/p>\n<p style=\"font-weight: 400;\">Unique piece<\/p>\n<p style=\"font-weight: 400;\">Related work: Louis Dejean, <em>Torse de femme,<\/em> bronze, 1923, H. 82 cm, St Quentin, mus\u00e9e des Beaux-Arts Antoine Lecuyer, inv. L 109 ; Louis Dejean, <em>Torse de femme<\/em>, marbre, 1926, H. 100 cm, Mont-de-Marsan, mus\u00e9e de la ville, inv. MM 84. 6. 1 ; Louis Dejean, <em>Torse de femmme<\/em>, gr\u00e8s tendre, 1935, Paris, Mobilier National, GML 6522 ; Louis Dejean, <em>Torse de femme<\/em>, marbre, (achat salon 1945), H. 155 cm, FNAC en d\u00e9p\u00f4t \u00e0 la mairie de Calais, inv. 6627\u00a0;<\/p>\n<p style=\"font-weight: 400;\">Literature: Raymond Martinie, <em>La sculpture<\/em>, Paris, 1928\u00a0; Bernard Champigneul, \u00ab\u00a0Dejean\u00a0\u00bb, <em>Mobilier &amp; D\u00e9coration<\/em>, 1937, p. 120 \u00e0 125, Amandine Placin-Geay, \u00ab\u00a0 La bande \u00e0 Schnegg\u00a0: examen d\u2019un groupe de sculpteurs ind\u00e9pendants\u00a0\u00bb, <em>Histoire de l\u2019art<\/em>, n\u00b053, nov. 2005, p. 45-55.<\/p>\n<p>&nbsp;<\/p>\n<p style=\"font-weight: 400;\"><br style=\"font-weight: 400;\" \/><br style=\"font-weight: 400;\" \/><\/p>\n<p style=\"font-weight: 400;\">\n","protected":false},"featured_media":12259,"template":"","meta":[],"product_brand":[],"product_cat":[260,497,257],"product_tag":[],"class_list":{"0":"post-12272","1":"product","2":"type-product","3":"status-publish","4":"has-post-thumbnail","6":"product_cat-galerie-faubourg-saint-honore-en","7":"product_cat-louis-dejean-en-2","8":"product_cat-sculptures-xxeme-en","9":"description-off","11":"first","12":"instock","13":"shipping-taxable","14":"product-type-simple"},"aioseo_notices":[],"_links":{"self":[{"href":"https:\/\/www.galerienicolasbourriaud.com\/en\/wp-json\/wp\/v2\/product\/12272","targetHints":{"allow":["GET"]}}],"collection":[{"href":"https:\/\/www.galerienicolasbourriaud.com\/en\/wp-json\/wp\/v2\/product"}],"about":[{"href":"https:\/\/www.galerienicolasbourriaud.com\/en\/wp-json\/wp\/v2\/types\/product"}],"wp:featuredmedia":[{"embeddable":true,"href":"https:\/\/www.galerienicolasbourriaud.com\/en\/wp-json\/wp\/v2\/media\/12259"}],"wp:attachment":[{"href":"https:\/\/www.galerienicolasbourriaud.com\/en\/wp-json\/wp\/v2\/media?parent=12272"}],"wp:term":[{"taxonomy":"product_brand","embeddable":true,"href":"https:\/\/www.galerienicolasbourriaud.com\/en\/wp-json\/wp\/v2\/product_brand?post=12272"},{"taxonomy":"product_cat","embeddable":true,"href":"https:\/\/www.galerienicolasbourriaud.com\/en\/wp-json\/wp\/v2\/product_cat?post=12272"},{"taxonomy":"product_tag","embeddable":true,"href":"https:\/\/www.galerienicolasbourriaud.com\/en\/wp-json\/wp\/v2\/product_tag?post=12272"}],"curies":[{"name":"wp","href":"https:\/\/api.w.org\/{rel}","templated":true}]}}