{"id":12285,"date":"2025-09-27T15:10:38","date_gmt":"2025-09-27T13:10:38","guid":{"rendered":"https:\/\/www.galerienicolasbourriaud.com\/produit\/lionne-couchee-3\/"},"modified":"2025-09-27T15:20:42","modified_gmt":"2025-09-27T13:20:42","slug":"lionne-couchee-3","status":"publish","type":"product","link":"https:\/\/www.galerienicolasbourriaud.com\/en\/produit\/lionne-couchee-3\/","title":{"rendered":"LIONESS LYING DOWN"},"content":{"rendered":"<p style=\"font-weight: 400;\">\n<p>&nbsp;<\/p>\n<p>&nbsp;<\/p>\n","protected":false},"excerpt":{"rendered":"<h1><span style=\"color: #e1b300;\">Georges-Lucien GUYOT<\/span><\/h1>\n<div class=\"page\" title=\"Page 1\">\n<div class=\"layoutArea\">\n<div class=\"column\">\n<p style=\"font-weight: 400;\">Bronze with brown patina, signed \u00ab Guyot \u00bb<br \/>\nCast by Susse, bears the founder&#8217;s mark \u00ab Susse F<sup>rs <\/sup>Fond<sup>rs <\/sup>Paris \u00bb, the inscription \u00ab cire perdue \u00bb and the stamp \u00ab BRONZE \u00bb<br \/>\nH. 9&#8243; x W. 19&#8243; x D. 8,4&#8243;.<br \/>\nCirca 1935<br \/>\nRelated work: Georges-Lucien Guyot, <em>Lionne couch\u00e9e, <\/em>dessin<em>, <\/em>13<sup>e<\/sup> exposition de la Soci\u00e9t\u00e9 des Artistes Animaliers Fran\u00e7ais du 2 -14 mars 1931, n\u00b0 74.<\/p>\n<p style=\"font-weight: 400;\">Literature: Gaston Derys, \u00ab\u00a0 Les Animaliers Galerie Malsherbes \u00bb, <em>Mobilier et d\u00e9coration<\/em>, 1935, p. 372, similar model reproduced.<\/p>\n<p><br style=\"font-weight: 400;\" \/><br style=\"font-weight: 400;\" \/><\/p>\n<\/div>\n<\/div>\n<\/div>\n","protected":false},"featured_media":12288,"template":"","meta":[],"product_brand":[],"product_cat":[262,260,285],"product_tag":[],"class_list":{"0":"post-12285","1":"product","2":"type-product","3":"status-publish","4":"has-post-thumbnail","6":"product_cat-animaliers-xxeme-en","7":"product_cat-galerie-faubourg-saint-honore-en","8":"product_cat-georges-lucien-guyot-en","9":"description-off","11":"first","12":"instock","13":"shipping-taxable","14":"product-type-simple"},"aioseo_notices":[],"_links":{"self":[{"href":"https:\/\/www.galerienicolasbourriaud.com\/en\/wp-json\/wp\/v2\/product\/12285","targetHints":{"allow":["GET"]}}],"collection":[{"href":"https:\/\/www.galerienicolasbourriaud.com\/en\/wp-json\/wp\/v2\/product"}],"about":[{"href":"https:\/\/www.galerienicolasbourriaud.com\/en\/wp-json\/wp\/v2\/types\/product"}],"wp:featuredmedia":[{"embeddable":true,"href":"https:\/\/www.galerienicolasbourriaud.com\/en\/wp-json\/wp\/v2\/media\/12288"}],"wp:attachment":[{"href":"https:\/\/www.galerienicolasbourriaud.com\/en\/wp-json\/wp\/v2\/media?parent=12285"}],"wp:term":[{"taxonomy":"product_brand","embeddable":true,"href":"https:\/\/www.galerienicolasbourriaud.com\/en\/wp-json\/wp\/v2\/product_brand?post=12285"},{"taxonomy":"product_cat","embeddable":true,"href":"https:\/\/www.galerienicolasbourriaud.com\/en\/wp-json\/wp\/v2\/product_cat?post=12285"},{"taxonomy":"product_tag","embeddable":true,"href":"https:\/\/www.galerienicolasbourriaud.com\/en\/wp-json\/wp\/v2\/product_tag?post=12285"}],"curies":[{"name":"wp","href":"https:\/\/api.w.org\/{rel}","templated":true}]}}