{"id":12439,"date":"2025-11-26T16:05:42","date_gmt":"2025-11-26T15:05:42","guid":{"rendered":"https:\/\/www.galerienicolasbourriaud.com\/produit\/le-prince-imperial-et-son-chien-nero-n-3-1865\/"},"modified":"2025-11-26T16:13:31","modified_gmt":"2025-11-26T15:13:31","slug":"le-prince-imperial-et-son-chien-nero-n-3-1865","status":"publish","type":"product","link":"https:\/\/www.galerienicolasbourriaud.com\/en\/produit\/le-prince-imperial-et-son-chien-nero-n-3-1865\/","title":{"rendered":"THE CROWN PRINCE AND HIS DOG N\u00c9RO N\u00b0 3 (1865)"},"content":{"rendered":"<p>&nbsp;<\/p>\n<p>&nbsp;<\/p>\n<p>&nbsp;<\/p>\n<p>&nbsp;<\/p>\n<p>&nbsp;<\/p>\n<p>&nbsp;<\/p>\n","protected":false},"excerpt":{"rendered":"<h1><span style=\"color: #e1b300;\">Jean-Baptiste CARPEAUX<\/span><\/h1>\n<p style=\"font-weight: 400;\">S\u00e8vres biscuit sculpture, signed \u00ab JB CARPEAUX. \u00bb.<br \/>\nBears the S\u00e8vres stamp and also the letter \u00ab T \u00bb for \u00a0Anatole TISSIER,\u00a0 moulder between 1900 and 1919 and the date \u00ab 1902 \u00bb<br \/>\nH. 16,7&#8243; x W. 7,8&#8243; x D. 7,4&#8243;<br \/>\nCirca 1902<\/p>\n<p style=\"font-weight: 400;\">Literature: M. Poletti, A. Richarme, <em>Jean-Baptiste Carpeaux sculpteur : catalogue raisonn\u00e9 de l&#8217;\u0153uvre \u00e9dit\u00e9<\/em>, Paris, 2003, p.68, model referenced under the n\u00b0 SA17.<\/p>\n<p><br style=\"font-weight: 400;\" \/><br style=\"font-weight: 400;\" \/><\/p>\n<p>&nbsp;<\/p>\n<p>&nbsp;<\/p>\n<p>&nbsp;<\/p>\n","protected":false},"featured_media":12438,"template":"","meta":[],"product_brand":[],"product_cat":[260,268,269],"product_tag":[],"class_list":{"0":"post-12439","1":"product","2":"type-product","3":"status-publish","4":"has-post-thumbnail","6":"product_cat-galerie-faubourg-saint-honore-en","7":"product_cat-jean-baptiste-carpeaux-en","8":"product_cat-sculptures-xixeme-en","9":"description-off","11":"first","12":"instock","13":"shipping-taxable","14":"product-type-simple"},"aioseo_notices":[],"_links":{"self":[{"href":"https:\/\/www.galerienicolasbourriaud.com\/en\/wp-json\/wp\/v2\/product\/12439","targetHints":{"allow":["GET"]}}],"collection":[{"href":"https:\/\/www.galerienicolasbourriaud.com\/en\/wp-json\/wp\/v2\/product"}],"about":[{"href":"https:\/\/www.galerienicolasbourriaud.com\/en\/wp-json\/wp\/v2\/types\/product"}],"wp:featuredmedia":[{"embeddable":true,"href":"https:\/\/www.galerienicolasbourriaud.com\/en\/wp-json\/wp\/v2\/media\/12438"}],"wp:attachment":[{"href":"https:\/\/www.galerienicolasbourriaud.com\/en\/wp-json\/wp\/v2\/media?parent=12439"}],"wp:term":[{"taxonomy":"product_brand","embeddable":true,"href":"https:\/\/www.galerienicolasbourriaud.com\/en\/wp-json\/wp\/v2\/product_brand?post=12439"},{"taxonomy":"product_cat","embeddable":true,"href":"https:\/\/www.galerienicolasbourriaud.com\/en\/wp-json\/wp\/v2\/product_cat?post=12439"},{"taxonomy":"product_tag","embeddable":true,"href":"https:\/\/www.galerienicolasbourriaud.com\/en\/wp-json\/wp\/v2\/product_tag?post=12439"}],"curies":[{"name":"wp","href":"https:\/\/api.w.org\/{rel}","templated":true}]}}