{"id":12477,"date":"2025-11-28T16:41:33","date_gmt":"2025-11-28T15:41:33","guid":{"rendered":"https:\/\/www.galerienicolasbourriaud.com\/produit\/odalisque\/"},"modified":"2025-11-28T18:19:09","modified_gmt":"2025-11-28T17:19:09","slug":"odalisque","status":"publish","type":"product","link":"https:\/\/www.galerienicolasbourriaud.com\/en\/produit\/odalisque\/","title":{"rendered":"ODALISQUE"},"content":{"rendered":"<div><\/div>\n<div><\/div>\n<p>&nbsp;<\/p>\n<p>&nbsp;<\/p>\n","protected":false},"excerpt":{"rendered":"<h1><a href=\"http:\/\/galerienem.cluster011.ovh.net\/newsite2022\/project\/james-pradier\/\"><span style=\"color: #e1b300;\">James PRADIER<\/span><\/a><\/h1>\n<p style=\"font-weight: 400;\">Bronze with nuanced brown patina<br \/>\nSand cast from the artist&#8217;s lifetime without foundry mark<br \/>\nH.11,6&#8243; x W. 11,2&#8243; x D.11&#8243;<br \/>\nCirca 1845<em><br \/>\n<\/em>Literature: \u00a0Claude Lapaire and \u00a0Jean-Ren\u00e9 Gaborit, <em>Statues de chair Sculptures de James Pradier<\/em>, Gen\u00e8ve, mus\u00e9e d\u2019art et d\u2019histoire 17 octobre 1985-2 f\u00e9vrier 1986, Paris, mus\u00e9e du Luxembourg 28 f\u00e9vrier-4 mai 1986, catalogue d\u2019exposition, pages 131 \u00e0 133\u00a0; Claude Lapaire, <em>James Pradier (1790-1852) et la sculpture fran\u00e7aise de la g\u00e9n\u00e9ration romantique, catalogue<\/em> <em>raisonn\u00e9<\/em>, 2010, marble model reproduced page 305, under the n\u00b0 161.<\/p>\n","protected":false},"featured_media":12462,"template":"","meta":[],"product_brand":[],"product_cat":[260,256,317,269],"product_tag":[],"class_list":{"0":"post-12477","1":"product","2":"type-product","3":"status-publish","4":"has-post-thumbnail","6":"product_cat-galerie-faubourg-saint-honore-en","7":"product_cat-galerie-quai-voltaire-en","8":"product_cat-james-pradier-en","9":"product_cat-sculptures-xixeme-en","10":"description-off","12":"first","13":"instock","14":"shipping-taxable","15":"product-type-simple"},"aioseo_notices":[],"_links":{"self":[{"href":"https:\/\/www.galerienicolasbourriaud.com\/en\/wp-json\/wp\/v2\/product\/12477","targetHints":{"allow":["GET"]}}],"collection":[{"href":"https:\/\/www.galerienicolasbourriaud.com\/en\/wp-json\/wp\/v2\/product"}],"about":[{"href":"https:\/\/www.galerienicolasbourriaud.com\/en\/wp-json\/wp\/v2\/types\/product"}],"wp:featuredmedia":[{"embeddable":true,"href":"https:\/\/www.galerienicolasbourriaud.com\/en\/wp-json\/wp\/v2\/media\/12462"}],"wp:attachment":[{"href":"https:\/\/www.galerienicolasbourriaud.com\/en\/wp-json\/wp\/v2\/media?parent=12477"}],"wp:term":[{"taxonomy":"product_brand","embeddable":true,"href":"https:\/\/www.galerienicolasbourriaud.com\/en\/wp-json\/wp\/v2\/product_brand?post=12477"},{"taxonomy":"product_cat","embeddable":true,"href":"https:\/\/www.galerienicolasbourriaud.com\/en\/wp-json\/wp\/v2\/product_cat?post=12477"},{"taxonomy":"product_tag","embeddable":true,"href":"https:\/\/www.galerienicolasbourriaud.com\/en\/wp-json\/wp\/v2\/product_tag?post=12477"}],"curies":[{"name":"wp","href":"https:\/\/api.w.org\/{rel}","templated":true}]}}