{"id":13450,"date":"2026-02-11T14:16:03","date_gmt":"2026-02-11T13:16:03","guid":{"rendered":"https:\/\/www.galerienicolasbourriaud.com\/produit\/la-muse-echevelee\/"},"modified":"2026-02-11T14:32:47","modified_gmt":"2026-02-11T13:32:47","slug":"la-muse-echevelee","status":"publish","type":"product","link":"https:\/\/www.galerienicolasbourriaud.com\/en\/produit\/la-muse-echevelee\/","title":{"rendered":"THE HAIRY MUSE"},"content":{"rendered":"<p>&nbsp;<\/p>\n<p>&nbsp;<\/p>\n<p>&nbsp;<\/p>\n","protected":false},"excerpt":{"rendered":"<h1><span style=\"color: #e1b300;\">\u00c9mile-Antoine BOURDELLE<\/span><\/h1>\n<p><span style=\"font-weight: 400;\">Patinated plaster signed \u00ab Emile-Antoine Bourdelle \u00bb and dedicated \u00ab A T\u2019SERSTEVENS \u2013 AU POETE \u00bb<br \/>\nH. 39,3&#8243;<\/span><span style=\"font-size: 14px;\"> x W. 46,8&#8243; x D. 11,4&#8243;<br \/>\n<\/span><span style=\"font-weight: 400;\">Circa 1915<\/span><\/p>\n<p><span style=\"font-weight: 400;\">Gift from the artist to <\/span><span style=\"font-weight: 400;\">Albert T&#8217;Serstevens around 1915<\/span><\/p>\n<p><span style=\"font-weight: 400;\">Limited edition to 8 examples<\/span><\/p>\n<p><span style=\"font-weight: 400;\">Provenance: former collection Albert T&#8217;Serstevens, Paris ; by descent.<\/span><\/p>\n<p><span style=\"font-weight: 400;\">Bibliography: I. Jianou et M. Dufet, <\/span><i><span style=\"font-weight: 400;\">Bourdelle<\/span><\/i><span style=\"font-weight: 400;\">, Paris, 1984, p. 110, no. 441.<\/span><\/p>\n<p><span style=\"font-weight: 400;\">Emile-Antoine Bourdelle undertook the decoration of the fa\u00e7ade of the Th\u00e9\u00e2tre des Champs-Elys\u00e9es from 1910 to 1912. The present plaster comes from the central frieze which is located at the heart of the fa\u00e7ade. In the review he published, Albert T&#8217;Serstevens wrote: &#8220;Pour Bourdelle, la sculpture de son th\u00e9\u00e2tre est de la vie tir\u00e9e de la chair m\u00eame du mouvement: elle s&#8217;accorde avec lui, elle ob\u00e9it aux lignes de l&#8217;architecture, elle a l&#8217;humilit\u00e9 douce et la grandeur h\u00e9ro\u00efque d&#8217;une amante&#8221; (A. T&#8217;Sterstevens, <\/span><i><span style=\"font-weight: 400;\">Comoedia<\/span><\/i><span style=\"font-weight: 400;\">, December 21 1912).<\/span><\/p>\n<p style=\"font-weight: 400;\"><br style=\"font-weight: 400;\" \/><br style=\"font-weight: 400;\" \/><\/p>\n","protected":false},"featured_media":13439,"template":"","meta":[],"product_brand":[],"product_cat":[267,255,297,256,257],"product_tag":[],"class_list":{"0":"post-13450","1":"product","2":"type-product","3":"status-publish","4":"has-post-thumbnail","6":"product_cat-chefs-d-oeuvre-en-vente-en","7":"product_cat-dernieres-acquisitions-en","8":"product_cat-emile-antoine-bourdelle-en","9":"product_cat-galerie-quai-voltaire-en","10":"product_cat-sculptures-xxeme-en","11":"description-off","13":"first","14":"instock","15":"shipping-taxable","16":"product-type-simple"},"aioseo_notices":[],"_links":{"self":[{"href":"https:\/\/www.galerienicolasbourriaud.com\/en\/wp-json\/wp\/v2\/product\/13450","targetHints":{"allow":["GET"]}}],"collection":[{"href":"https:\/\/www.galerienicolasbourriaud.com\/en\/wp-json\/wp\/v2\/product"}],"about":[{"href":"https:\/\/www.galerienicolasbourriaud.com\/en\/wp-json\/wp\/v2\/types\/product"}],"wp:featuredmedia":[{"embeddable":true,"href":"https:\/\/www.galerienicolasbourriaud.com\/en\/wp-json\/wp\/v2\/media\/13439"}],"wp:attachment":[{"href":"https:\/\/www.galerienicolasbourriaud.com\/en\/wp-json\/wp\/v2\/media?parent=13450"}],"wp:term":[{"taxonomy":"product_brand","embeddable":true,"href":"https:\/\/www.galerienicolasbourriaud.com\/en\/wp-json\/wp\/v2\/product_brand?post=13450"},{"taxonomy":"product_cat","embeddable":true,"href":"https:\/\/www.galerienicolasbourriaud.com\/en\/wp-json\/wp\/v2\/product_cat?post=13450"},{"taxonomy":"product_tag","embeddable":true,"href":"https:\/\/www.galerienicolasbourriaud.com\/en\/wp-json\/wp\/v2\/product_tag?post=13450"}],"curies":[{"name":"wp","href":"https:\/\/api.w.org\/{rel}","templated":true}]}}