{"id":13555,"date":"2026-03-17T13:59:35","date_gmt":"2026-03-17T12:59:35","guid":{"rendered":"https:\/\/www.galerienicolasbourriaud.com\/produit\/femme-de-dos\/"},"modified":"2026-03-21T17:29:17","modified_gmt":"2026-03-21T16:29:17","slug":"femme-de-dos","status":"publish","type":"product","link":"https:\/\/www.galerienicolasbourriaud.com\/en\/produit\/femme-de-dos\/","title":{"rendered":"WOMAN SEEN FROM BEHIND"},"content":{"rendered":"<div>\n<p><span lang=\"EN-US\">Inquisitive and drawn to variety, Jules Desbois also turned his attention to the decorative arts. In 1896 he joined a group of artists united around the idea of integrating art into everyday objects, furniture and architecture, with the aim of reconciling the so-called major and minor arts. The group adopted the name<\/span><span class=\"apple-converted-space\"><span lang=\"EN-US\">\u00a0<\/span><\/span><em><span lang=\"EN-US\">L\u2019Art dans Tout<\/span><\/em><span class=\"apple-converted-space\"><span lang=\"EN-US\">\u00a0<\/span><\/span><span lang=\"EN-US\">(\u201cArt in Everything\u201d), which also became the title of their annual exhibitions.<\/span><\/p>\n<\/div>\n<div>\n<p><span lang=\"EN-US\">As a champion of socially engaged art, Desbois participated in three of these exhibitions, presenting small objects, tableware (flasks, pitchers, dishes, ashtrays, trays), and jewellery. He produced a considerable number of such pieces, always adopting a refined decorative vocabulary whose themes frequently echoed those of his sculpture \u2014 most notably the female body, emerging in low relief from the depth of the material. His preferred medium was pewter, which he helped to bring back to prominence, though he also worked in silver, gold, and precious stones, as in the present brooch.<\/span><\/p>\n<\/div>\n<div>\n<p><span lang=\"EN-US\">At the 6th exhibition of<\/span><span class=\"apple-converted-space\"><span lang=\"EN-US\">\u00a0<\/span><\/span><em><span lang=\"EN-US\">L\u2019Art dans Tout<\/span><\/em><span lang=\"EN-US\">, he showed several models for jewellery in plaster. Although our brooch was not included, comparable feminine motifs appear, characterized by abundant flowing hair and expressive hand gestures. Other jewels were exhibited at the Soci\u00e9t\u00e9 Nationale des Beaux-Arts in 1903 to considerable acclaim, though it is not known whether the present brooch was among them.<\/span><\/p>\n<\/div>\n<div>\n<p><span lang=\"EN-US\">From that year onward, Desbois collaborated with the distinguished art founder and dealer, Adrien-Aur\u00e9lien H\u00e9brard (1865\u20131937), who undertook to produce his jewellery in gold. Desbois thus created a series of sculptural brooches in yellow gold adorned with pearls or emeralds. In 1905, at the French Art Exhibition in Berlin, he presented under no. 73 a \u201cbrooch, patinated gold and emerald.\u201d Could this be our jewel \u2014 also in gold and set with four emeralds framing, against a background of foaming seawater, a delicately modeled female figure seen from behind, raising her left hand as if to gather her hair? The model was in any case reproduced in 1908 in a catalogue published by the Maison H\u00e9brard dedicated to women\u2019s jewellery.<\/span><\/p>\n<\/div>\n<div>\n<p><span lang=\"EN-US\">It was probably around this time that the founder presented this jewel, both unique and exceptional in quality, as a gift to Jeanne Schwarz (1887\u20131976), a young dancer who joined the Paris Opera Ballet in 1904 and was appointed <i>\u00e9toile<\/i> in 1919.<\/span><\/p>\n<\/div>\n<p>&nbsp;<\/p>\n<p>&nbsp;<\/p>\n<p>&nbsp;<\/p>\n<p>&nbsp;<\/p>\n","protected":false},"excerpt":{"rendered":"<h1><span style=\"color: #e1b300;\">Jules DESBOIS \u00a0<\/span><\/h1>\n<p style=\"font-weight: 400;\">18k gold (750\/1000) and emerald brooch, signed \u201cJ. Desbois\u201d<br \/>\nStamped on the reverse with the foundry mark: \u201cA.A. HEBRARD Fondeur d\u2019Art \u00e0 Paris\u201d<br \/>\nH. 2\u201d (5.5 cm) &#8211; W. 2\u00bd\u201d (6.5 cm) &#8211; Weight: 48 g<br \/>\nCirca 1905<\/p>\n<p style=\"font-weight: 400;\">Provenance: Gift from H\u00e9brard to Madame Jeanne Schwarz, principal dancer; kept by the family until the present day.<\/p>\n<p style=\"font-weight: 400;\">Related works: Brooch, silver, Mus\u00e9e Jules Desbois, Par\u00e7ay-les-Pins, inv. PR 001.1.9; Brooch, gold and diamonds, cast by H\u00e9brard, Mus\u00e9e du Petit Palais, inv. PPO1086; Brooch, silver with precious and semi-precious stones, cast by H\u00e9brard, Mus\u00e9e du Petit Palais, inv. PPO1080.<\/p>\n<p style=\"font-weight: 400;\">Bibliography:Pierre Maillot and Raymond Huard,\u00a0<em>Jules Desbois, Sculptor (1851\u20131935)<\/em>, Paris, 2000;<br \/>\nVivienne Becker,\u00a0<em>Art Nouveau Jewelry<\/em>, Paris, 1985; Alastair Duncan,\u00a0<em>The Paris Salons 1895\u20131914: Jewellery<\/em>, vol. I, Woodbridge, Antique Collector\u2019s Club, 1994, another example reproduced p. 186; Ars\u00e8ne Alexandre, \u201cWorks and Men \u2013 The Works of Jules Desbois,\u201d\u00a0<em>Les Arts<\/em>, no. 191, November 1920, another example reproduced p. 22; Jules Desbois, portfolio of the\u00a0<em>Revue des Arts D\u00e9coratifs<\/em>, 6th exhibition of\u00a0<em>L\u2019Art dans Tout<\/em>, 1901, models for jewellery in plaster.<\/p>\n<p><strong>SOLD<\/strong><\/p>\n<p>&nbsp;<\/p>\n","protected":false},"featured_media":13552,"template":"","meta":[],"product_brand":[],"product_cat":[312,464],"product_tag":[],"class_list":{"0":"post-13555","1":"product","2":"type-product","3":"status-publish","4":"has-post-thumbnail","6":"product_cat-chefs-doeuvre-vendu-en","7":"product_cat-jules-desbois-en-2","8":"description-off","10":"first","11":"instock","12":"shipping-taxable","13":"product-type-simple"},"aioseo_notices":[],"_links":{"self":[{"href":"https:\/\/www.galerienicolasbourriaud.com\/en\/wp-json\/wp\/v2\/product\/13555","targetHints":{"allow":["GET"]}}],"collection":[{"href":"https:\/\/www.galerienicolasbourriaud.com\/en\/wp-json\/wp\/v2\/product"}],"about":[{"href":"https:\/\/www.galerienicolasbourriaud.com\/en\/wp-json\/wp\/v2\/types\/product"}],"wp:featuredmedia":[{"embeddable":true,"href":"https:\/\/www.galerienicolasbourriaud.com\/en\/wp-json\/wp\/v2\/media\/13552"}],"wp:attachment":[{"href":"https:\/\/www.galerienicolasbourriaud.com\/en\/wp-json\/wp\/v2\/media?parent=13555"}],"wp:term":[{"taxonomy":"product_brand","embeddable":true,"href":"https:\/\/www.galerienicolasbourriaud.com\/en\/wp-json\/wp\/v2\/product_brand?post=13555"},{"taxonomy":"product_cat","embeddable":true,"href":"https:\/\/www.galerienicolasbourriaud.com\/en\/wp-json\/wp\/v2\/product_cat?post=13555"},{"taxonomy":"product_tag","embeddable":true,"href":"https:\/\/www.galerienicolasbourriaud.com\/en\/wp-json\/wp\/v2\/product_tag?post=13555"}],"curies":[{"name":"wp","href":"https:\/\/api.w.org\/{rel}","templated":true}]}}