{"id":14282,"date":"2026-05-13T16:25:35","date_gmt":"2026-05-13T14:25:35","guid":{"rendered":"https:\/\/www.galerienicolasbourriaud.com\/produit\/lhistoire-nue\/"},"modified":"2026-05-13T16:59:12","modified_gmt":"2026-05-13T14:59:12","slug":"lhistoire-nue","status":"publish","type":"product","link":"https:\/\/www.galerienicolasbourriaud.com\/en\/produit\/lhistoire-nue\/","title":{"rendered":"NUDE HISTORY"},"content":{"rendered":"<p>&nbsp;<\/p>\n<p>&nbsp;<\/p>\n<p>&nbsp;<\/p>\n","protected":false},"excerpt":{"rendered":"<h1><span style=\"color: #e1b300;\">Alfred BOUCHER\u00a0<\/span><\/h1>\n<p>White Carrara marble, signed &#8220;A. Boucher&#8221;<br \/>\nH. 44&#8243; x W. 16,5&#8243; x D. 12,2&#8243;<br \/>\nCirca before 1905<\/p>\n<p><span style=\"font-weight: 400;\">Provenance: Mexican private collection<\/span><\/p>\n<p><span style=\"font-weight: 400;\">Bibliography: Jacques Piette, <\/span><i><span style=\"font-weight: 400;\">Alfred Boucher (1850-1934) L&#8217;\u0153uvre sculpt\u00e9, catalogue raisonn\u00e9, <\/span><\/i><span style=\"font-weight: 400;\">2013, marble example listed under the n\u00b0 A59C, page 248-249.<\/span><\/p>\n<p>&nbsp;<\/p>\n<p>&nbsp;<\/p>\n","protected":false},"featured_media":14267,"template":"","meta":[],"product_brand":[],"product_cat":[441,267,255,260,257],"product_tag":[],"class_list":{"0":"post-14282","1":"product","2":"type-product","3":"status-publish","4":"has-post-thumbnail","6":"product_cat-alfred-boucher-en-2","7":"product_cat-chefs-d-oeuvre-en-vente-en","8":"product_cat-dernieres-acquisitions-en","9":"product_cat-galerie-faubourg-saint-honore-en","10":"product_cat-sculptures-xxeme-en","11":"description-off","13":"first","14":"instock","15":"shipping-taxable","16":"product-type-simple"},"aioseo_notices":[],"_links":{"self":[{"href":"https:\/\/www.galerienicolasbourriaud.com\/en\/wp-json\/wp\/v2\/product\/14282","targetHints":{"allow":["GET"]}}],"collection":[{"href":"https:\/\/www.galerienicolasbourriaud.com\/en\/wp-json\/wp\/v2\/product"}],"about":[{"href":"https:\/\/www.galerienicolasbourriaud.com\/en\/wp-json\/wp\/v2\/types\/product"}],"wp:featuredmedia":[{"embeddable":true,"href":"https:\/\/www.galerienicolasbourriaud.com\/en\/wp-json\/wp\/v2\/media\/14267"}],"wp:attachment":[{"href":"https:\/\/www.galerienicolasbourriaud.com\/en\/wp-json\/wp\/v2\/media?parent=14282"}],"wp:term":[{"taxonomy":"product_brand","embeddable":true,"href":"https:\/\/www.galerienicolasbourriaud.com\/en\/wp-json\/wp\/v2\/product_brand?post=14282"},{"taxonomy":"product_cat","embeddable":true,"href":"https:\/\/www.galerienicolasbourriaud.com\/en\/wp-json\/wp\/v2\/product_cat?post=14282"},{"taxonomy":"product_tag","embeddable":true,"href":"https:\/\/www.galerienicolasbourriaud.com\/en\/wp-json\/wp\/v2\/product_tag?post=14282"}],"curies":[{"name":"wp","href":"https:\/\/api.w.org\/{rel}","templated":true}]}}