{"id":3533,"date":"2022-11-28T11:03:35","date_gmt":"2022-11-28T10:03:35","guid":{"rendered":"http:\/\/galerienem.cluster011.ovh.net\/produit\/le-chinois-esquisse\/"},"modified":"2022-12-09T12:08:20","modified_gmt":"2022-12-09T11:08:20","slug":"le-chinois-esquisse","status":"publish","type":"product","link":"https:\/\/www.galerienicolasbourriaud.com\/en\/produit\/le-chinois-esquisse\/","title":{"rendered":"THE CHINESE (SKETCH)"},"content":{"rendered":"<div class=\"page\" title=\"Page 3\">\n<div class=\"layoutArea\">\n<div class=\"column\">\n<p style=\"font-weight: 400;\">It is undoubtedly throughout his sketches that we can best grasp the artist&#8217;s original expressive power. It is quite obvious here, where the earth tones suggesting the Chinese&#8217;s dress give it an impressionist touch, most innovative for its time. The face, seen in three-quarter profile, conveys an unusual strength, underlined by its intense gaze.<\/p>\n<p style=\"font-weight: 400;\">This <em>Chinese<\/em> was created by Carpeaux in 1868 from a live model to symbolize Asia in his project for the fountain of the avenue de l&#8217;Observatoire. It would be changed later on into a female Chinese so as to have it fit harmoniously with the final version of the monument. Considered by the sculptor as satisfactorily &#8220;completed&#8221;, it exists as a stand-alone work and was edited in various materials by the artist&#8217;s workshop as soon as 1872, then later, posthumously, by his family as from 1876. Our copy numbered 167 is one of the very first sculptures in the series.<\/p>\n<p style=\"font-weight: 400;\">Beyond its inherent quality, it has remained in an exceptional state of preservation.<\/p>\n<p style=\"font-weight: 400;\">Combining delicacy and strength, this sketch is of a bold modernity that makes it timeless.<\/p>\n<\/div>\n<\/div>\n<\/div>\n","protected":false},"excerpt":{"rendered":"<h1><span style=\"color: #e1b300;\">Jean-Baptiste CARPEAUX<\/span><\/h1>\n<p>Terracotta.<br \/>\nSigned and dated &#8216;JBt. Carpeaux. 1875&#8243;. Bears the seal with the imperial eagle, the stamp of the &#8220;atelier d&#8217;Auteuil&#8221; and the number 167.<br \/>\nCirca 1875.<\/p>\n<p>Height: 62 cm &#8211; 2&#8242; 0\u00b3\/\u2088&#8221; in.<br \/>\nDepth: 32 cm &#8211; 1&#8242; 0\u2075\/\u2088&#8221; in.<br \/>\nWidth: 50 cm &#8211; 1&#8217; 7\u00b3\/\u2084&#8221; in.<\/p>\n<div class=\"page\" title=\"Page 1\">\n<div class=\"section\">\n<div class=\"layoutArea\">\n<div class=\"column\">\n<p>Provenance: Acquired from Andr\u00e9 Lemaire in Paris, 10 September 1992, by its current owner. Private collection, Paris.<\/p>\n<\/div>\n<\/div>\n<div class=\"layoutArea\">\n<div class=\"column\">\n<p>Literature: M. Poletti and A. Richarme, <em>Jean-Baptiste Carpeaux sculpteur, catalogue raisonn\u00e9 de l&#8217;oeuvre \u00e9dit\u00e9<\/em>, Paris, 2003, p. 122, model referenced under the number BU23, our terracotta reproduced on page 124.<\/p>\n<\/div>\n<\/div>\n<\/div>\n<\/div>\n","protected":false},"featured_media":702,"template":"","meta":[],"product_brand":[],"product_cat":[312,268],"product_tag":[],"class_list":{"0":"post-3533","1":"product","2":"type-product","3":"status-publish","4":"has-post-thumbnail","6":"product_cat-chefs-doeuvre-vendu-en","7":"product_cat-jean-baptiste-carpeaux-en","8":"description-off","10":"first","11":"instock","12":"shipping-taxable","13":"product-type-simple"},"aioseo_notices":[],"_links":{"self":[{"href":"https:\/\/www.galerienicolasbourriaud.com\/en\/wp-json\/wp\/v2\/product\/3533","targetHints":{"allow":["GET"]}}],"collection":[{"href":"https:\/\/www.galerienicolasbourriaud.com\/en\/wp-json\/wp\/v2\/product"}],"about":[{"href":"https:\/\/www.galerienicolasbourriaud.com\/en\/wp-json\/wp\/v2\/types\/product"}],"wp:featuredmedia":[{"embeddable":true,"href":"https:\/\/www.galerienicolasbourriaud.com\/en\/wp-json\/wp\/v2\/media\/702"}],"wp:attachment":[{"href":"https:\/\/www.galerienicolasbourriaud.com\/en\/wp-json\/wp\/v2\/media?parent=3533"}],"wp:term":[{"taxonomy":"product_brand","embeddable":true,"href":"https:\/\/www.galerienicolasbourriaud.com\/en\/wp-json\/wp\/v2\/product_brand?post=3533"},{"taxonomy":"product_cat","embeddable":true,"href":"https:\/\/www.galerienicolasbourriaud.com\/en\/wp-json\/wp\/v2\/product_cat?post=3533"},{"taxonomy":"product_tag","embeddable":true,"href":"https:\/\/www.galerienicolasbourriaud.com\/en\/wp-json\/wp\/v2\/product_tag?post=3533"}],"curies":[{"name":"wp","href":"https:\/\/api.w.org\/{rel}","templated":true}]}}