{"id":3535,"date":"2022-11-28T10:56:19","date_gmt":"2022-11-28T09:56:19","guid":{"rendered":"http:\/\/galerienem.cluster011.ovh.net\/produit\/genie-de-la-danse-n1\/"},"modified":"2024-02-13T11:11:00","modified_gmt":"2024-02-13T10:11:00","slug":"genie-de-la-danse-n1","status":"publish","type":"product","link":"https:\/\/www.galerienicolasbourriaud.com\/en\/produit\/genie-de-la-danse-n1\/","title":{"rendered":"THE GENIUS OF DANCE N\u00b0 1"},"content":{"rendered":"<p>&nbsp;<\/p>\n<p>&nbsp;<\/p>\n","protected":false},"excerpt":{"rendered":"<h1><span style=\"color: #e1b300;\">Jean-Baptiste CARPEAUX<\/span><\/h1>\n<p>Bronze with nuanced brown patina, signed \u00abJB.Carpeaux\u00bb.<br \/>\nStamped \u00abPropri\u00e9t\u00e9 Carpeaux\u00bb with the Imperial eagle.<br \/>\nCirca 1870-1875.<\/p>\n<p>Height: 104 cm &#8211; 3&#8242; 5&#8243; in.<br \/>\nDepth: 44 cm &#8211; 1&#8242; 5\u00b3\/\u2088&#8221; in.<br \/>\nWidth: 47 cm &#8211; 1&#8242; 6\u00b9\/\u2082&#8221; in.<\/p>\n<p>Literature: Michel Poletti, Alain Richarme <em>Jean-Baptiste Carpeaux sculpteur, catalogue raisonn\u00e9 de l\u2019\u0153uvre \u00e9dit\u00e9<\/em>. p.56-57, model referenced under n\u00b0 SA 4.<\/p>\n","protected":false},"featured_media":726,"template":"","meta":[],"product_brand":[],"product_cat":[312,268],"product_tag":[],"class_list":{"0":"post-3535","1":"product","2":"type-product","3":"status-publish","4":"has-post-thumbnail","6":"product_cat-chefs-doeuvre-vendu-en","7":"product_cat-jean-baptiste-carpeaux-en","8":"description-off","10":"first","11":"instock","12":"shipping-taxable","13":"product-type-simple"},"aioseo_notices":[],"_links":{"self":[{"href":"https:\/\/www.galerienicolasbourriaud.com\/en\/wp-json\/wp\/v2\/product\/3535","targetHints":{"allow":["GET"]}}],"collection":[{"href":"https:\/\/www.galerienicolasbourriaud.com\/en\/wp-json\/wp\/v2\/product"}],"about":[{"href":"https:\/\/www.galerienicolasbourriaud.com\/en\/wp-json\/wp\/v2\/types\/product"}],"wp:featuredmedia":[{"embeddable":true,"href":"https:\/\/www.galerienicolasbourriaud.com\/en\/wp-json\/wp\/v2\/media\/726"}],"wp:attachment":[{"href":"https:\/\/www.galerienicolasbourriaud.com\/en\/wp-json\/wp\/v2\/media?parent=3535"}],"wp:term":[{"taxonomy":"product_brand","embeddable":true,"href":"https:\/\/www.galerienicolasbourriaud.com\/en\/wp-json\/wp\/v2\/product_brand?post=3535"},{"taxonomy":"product_cat","embeddable":true,"href":"https:\/\/www.galerienicolasbourriaud.com\/en\/wp-json\/wp\/v2\/product_cat?post=3535"},{"taxonomy":"product_tag","embeddable":true,"href":"https:\/\/www.galerienicolasbourriaud.com\/en\/wp-json\/wp\/v2\/product_tag?post=3535"}],"curies":[{"name":"wp","href":"https:\/\/api.w.org\/{rel}","templated":true}]}}