{"id":3642,"date":"2022-11-26T17:47:06","date_gmt":"2022-11-26T16:47:06","guid":{"rendered":"http:\/\/galerienem.cluster011.ovh.net\/produit\/suzanne-surprise\/"},"modified":"2022-12-20T17:40:58","modified_gmt":"2022-12-20T16:40:58","slug":"suzanne-surprise","status":"publish","type":"product","link":"https:\/\/www.galerienicolasbourriaud.com\/en\/produit\/suzanne-surprise\/","title":{"rendered":"SURPRISED SUZANNE"},"content":{"rendered":"<p>&nbsp;<\/p>\n<p>&nbsp;<\/p>\n<p>&nbsp;<\/p>\n","protected":false},"excerpt":{"rendered":"<h1><span style=\"color: #e1b300;\">Jean-Baptiste CARPEAUX<\/span><\/h1>\n<p>Bronze with brown patina, signed JB Carpeaux. Mark of &#8220;Propri\u00e9t\u00e9 Carpeaux&#8221;. With the stamp \u00ab\u00a0Propri\u00e9t\u00e9 Carpeaux\u00a0\u00bb and Imperial Eagle.<br \/>\nCirca 1870-1875.<\/p>\n<p>Height: 69 cm &#8211; 2&#8242; 3\u00b9\/\u2088&#8221; in.<br \/>\nDepth: 22 cm &#8211; 0&#8242; 8\u2075\/\u2088&#8221; in.<br \/>\nWidth: 24 cm &#8211; 0&#8242; 9\u00b9\/\u2082&#8221; in.<\/p>\n<p>Literature: Michel Poletti et Alain Richarme, <em>Jean-Baptiste Carpeaux sculpteur<\/em>,<em> catalogue raisonn\u00e9 de l\u2019\u0153uvre \u00e9dit\u00e9, <\/em>2003,\u00a0p 97, model ref n\u00b0 \u00a0SE 19.<\/p>\n<p><span style=\"color: #e1b300;\"><strong>SOLD<\/strong><\/span><\/p>\n","protected":false},"featured_media":1189,"template":"","meta":[],"product_brand":[],"product_cat":[312,268],"product_tag":[],"class_list":{"0":"post-3642","1":"product","2":"type-product","3":"status-publish","4":"has-post-thumbnail","6":"product_cat-chefs-doeuvre-vendu-en","7":"product_cat-jean-baptiste-carpeaux-en","8":"description-off","10":"first","11":"instock","12":"shipping-taxable","13":"product-type-simple"},"aioseo_notices":[],"_links":{"self":[{"href":"https:\/\/www.galerienicolasbourriaud.com\/en\/wp-json\/wp\/v2\/product\/3642","targetHints":{"allow":["GET"]}}],"collection":[{"href":"https:\/\/www.galerienicolasbourriaud.com\/en\/wp-json\/wp\/v2\/product"}],"about":[{"href":"https:\/\/www.galerienicolasbourriaud.com\/en\/wp-json\/wp\/v2\/types\/product"}],"wp:featuredmedia":[{"embeddable":true,"href":"https:\/\/www.galerienicolasbourriaud.com\/en\/wp-json\/wp\/v2\/media\/1189"}],"wp:attachment":[{"href":"https:\/\/www.galerienicolasbourriaud.com\/en\/wp-json\/wp\/v2\/media?parent=3642"}],"wp:term":[{"taxonomy":"product_brand","embeddable":true,"href":"https:\/\/www.galerienicolasbourriaud.com\/en\/wp-json\/wp\/v2\/product_brand?post=3642"},{"taxonomy":"product_cat","embeddable":true,"href":"https:\/\/www.galerienicolasbourriaud.com\/en\/wp-json\/wp\/v2\/product_cat?post=3642"},{"taxonomy":"product_tag","embeddable":true,"href":"https:\/\/www.galerienicolasbourriaud.com\/en\/wp-json\/wp\/v2\/product_tag?post=3642"}],"curies":[{"name":"wp","href":"https:\/\/api.w.org\/{rel}","templated":true}]}}