{"id":3653,"date":"2022-11-26T16:51:19","date_gmt":"2022-11-26T15:51:19","guid":{"rendered":"http:\/\/galerienem.cluster011.ovh.net\/produit\/lamour-desarme-esquisse\/"},"modified":"2022-12-21T14:49:25","modified_gmt":"2022-12-21T13:49:25","slug":"lamour-desarme-esquisse","status":"publish","type":"product","link":"https:\/\/www.galerienicolasbourriaud.com\/en\/produit\/lamour-desarme-esquisse\/","title":{"rendered":"THE DISARMED LOVE (DRAFT)(1869-1870)"},"content":{"rendered":"<p>&nbsp;<\/p>\n<p>&nbsp;<\/p>\n","protected":false},"excerpt":{"rendered":"<h1><span style=\"color: #e1b300;\">Jean-Baptiste CARPEAUX<\/span><\/h1>\n<p>Bronze with black patina, Signed \u00ab JB CARPEAUX \u00bb.<\/p>\n<p>Cast by H\u00e9brard, bears the founder&#8217;s stamp \u00ab\u00a0cire perdue A.H\u00e9brard (4)\u00a0\u00bb and numered 4.<\/p>\n<p>No edition during the artist&#8217;s lifetime, edition realized by H\u00e9brard in Paris in 1927. Limited edition to 15 copies and only 8 are known.<br \/>\nCirca 1927.<\/p>\n<p>Height: 82.4 cm &#8211; 2&#8242; 8\u00b9\/\u2082&#8221; in.<br \/>\nDepth: 18 cm &#8211; 0&#8242; 7\u00b9\/\u2088&#8221; in.<br \/>\nWidth: 29 cm &#8211; 0&#8242; 11\u00b3\/\u2088&#8221; in.<\/p>\n<p>Provenance: Acquired in July 1927 by M. Moreau (cahier H\u00e9brard)<\/p>\n<p>Literature:\u00a0M. Poletti et A. Richarme, <em>Jean-Baptiste Carpeaux sculpteur, catalogue raisonn\u00e9 de l&#8217;<\/em><em>\u0153uvre \u00e9dit\u00e9<\/em>, Paris, 2003, p. 153, model referenced under the number ES 2<\/p>\n<p>&nbsp;<\/p>\n<p><span style=\"color: #e1b300;\"><strong>SOLD<\/strong><\/span><\/p>\n","protected":false},"featured_media":1145,"template":"","meta":[],"product_brand":[],"product_cat":[312,268],"product_tag":[],"class_list":{"0":"post-3653","1":"product","2":"type-product","3":"status-publish","4":"has-post-thumbnail","6":"product_cat-chefs-doeuvre-vendu-en","7":"product_cat-jean-baptiste-carpeaux-en","8":"description-off","10":"first","11":"instock","12":"shipping-taxable","13":"product-type-simple"},"aioseo_notices":[],"_links":{"self":[{"href":"https:\/\/www.galerienicolasbourriaud.com\/en\/wp-json\/wp\/v2\/product\/3653","targetHints":{"allow":["GET"]}}],"collection":[{"href":"https:\/\/www.galerienicolasbourriaud.com\/en\/wp-json\/wp\/v2\/product"}],"about":[{"href":"https:\/\/www.galerienicolasbourriaud.com\/en\/wp-json\/wp\/v2\/types\/product"}],"wp:featuredmedia":[{"embeddable":true,"href":"https:\/\/www.galerienicolasbourriaud.com\/en\/wp-json\/wp\/v2\/media\/1145"}],"wp:attachment":[{"href":"https:\/\/www.galerienicolasbourriaud.com\/en\/wp-json\/wp\/v2\/media?parent=3653"}],"wp:term":[{"taxonomy":"product_brand","embeddable":true,"href":"https:\/\/www.galerienicolasbourriaud.com\/en\/wp-json\/wp\/v2\/product_brand?post=3653"},{"taxonomy":"product_cat","embeddable":true,"href":"https:\/\/www.galerienicolasbourriaud.com\/en\/wp-json\/wp\/v2\/product_cat?post=3653"},{"taxonomy":"product_tag","embeddable":true,"href":"https:\/\/www.galerienicolasbourriaud.com\/en\/wp-json\/wp\/v2\/product_tag?post=3653"}],"curies":[{"name":"wp","href":"https:\/\/api.w.org\/{rel}","templated":true}]}}