{"id":4329,"date":"2023-01-06T11:42:05","date_gmt":"2023-01-06T10:42:05","guid":{"rendered":"https:\/\/www.galerienicolasbourriaud.com\/?post_type=product&#038;p=4329"},"modified":"2025-03-07T16:45:09","modified_gmt":"2025-03-07T15:45:09","slug":"the-kiss-small-scale-n-2-1886-copie","status":"publish","type":"product","link":"https:\/\/www.galerienicolasbourriaud.com\/en\/produit\/the-kiss-small-scale-n-2-1886-copie\/","title":{"rendered":"THE ETERNAL SPRING, SECOND VERSION, FOURTH SMALL-SCALE BRONZE, \u00a0ALSO REFERRED TO AS \u00ab\u00a0n\u00b0 2\u00a0\u00bb"},"content":{"rendered":"<p>Evoking, by its graceful movement, the 18th century sculpture, <em>\u2018The Eternal Spring\u2019<\/em>, a major success, was translated into bronze several times and in four different sizes. Ten copies in marble were also produced. The sculpture was created during the period of intense work on the <em>\u2018Gates of Hell\u2019<\/em>, but the subject being too delicate was not to be included in it. Exhibited at the 1898 Salon, it met with great commercial success. Like <em>\u2018The Kiss\u2019<\/em>, of which it is a kind of variant, it conveys the bliss of two young lovers, most probably inspired by the passionate and tormented ten-year relationship between the master and his student lover Camille Claudel. In this amorous fusion, the man opens wide his torso while the female figure (taken from the work \u2018Torso of Adele\u2019 inspired by Adele Abruzzesi, one of Rodin\u2019s favourite models) amorously arches her back . This masterpiece of sculpture admirably expresses erotic love, with the two figures literally melting into one another. This statement of Rodin could very well be applied to the artist himself: <em>\u2018I believe that the body is the only true garment of the soul, through which its radiance shines\u2019 <\/em>(Rodin to Paul Gsell, 1907).<\/p>\n<p>On 6 July 1898, Auguste Rodin agreed with the Leblanc-Barbedienne foundry to a ten-year renewable contract for both <em>\u2018The Kiss\u2019 <\/em>and <em>\u2018The Eternal Spring\u2019<\/em>, in several sizes for each of them and in unlimited quantity. A plaster model obtained from a marble cast was initially entrusted to the Leblanc-Barbedienne foundry, which had small-scale versions made, using the principle of Achille Collas\u2019 mechanical reduction machine, of which Barbedienne held the patent. The edition of <em>\u2018The Eternal Spring\u2019<\/em>, second version, initially came in three sizes, 25\u201d (64 cm), 15,7\u201d ( 40 cm) and 9,8\u201d (25 cm), to which was added a small-scale version of 20,4\u201d (52 cm) in height in 1900. From 63 to 69 copies of the 4th reduction (8,5\u201d 25 cm in height) have been inventoried, pro- duced between 1898 and 1918. Our proof, in terms of its internal assembly, details and internal and external marks, is entirely consistent with the cast of the Barbedienne edition, which ran from 1898 to 1918. The letters \u00abVL\u00bb struck twice on the inside near the assembly of the base indicate a workshop active around 1905-1910. Proofs produced by Barbedienne usually have an ink number inscribed on the inside, but it often fades over time. A 20% commission was paid to Rodin for this sale as part of his royalties, the original invoices being archived at the mus\u00e9e Rodin.<\/p>\n<p>&nbsp;<\/p>\n","protected":false},"excerpt":{"rendered":"<h1><span style=\"color: #e1b300;\">Auguste RODIN<\/span><\/h1>\n<p>Bronze with a nuanced brown patina, signed \u2018Rodin\u2019.<br \/>\nBarbedienne cast, bears the founder\u2019s mark and the letters \u201cVL\u201d struck twice inside. Inscribed on the plate \u2018L\u2019ETERNEL (LE) PRINTEMPS AUGUSTE RODIN 1840-1917\u2019. On its original plinth in sea green marble.<br \/>\nHeight: 9,7\u201d (24,8 cm) Length:12,2\u201d (31 cm) Depth: 7,4\u201d (19 cm) &#8211; 11,8\u201d (30,2cm) x 13,7\u201d (35 cm) x 8,4\u201d (21,5 cm) with its base.<br \/>\nCirca 1905-1910.<\/p>\n<p>Provenance: \u00c9tablissements Leblanc-Barbedienne, Paris; Private col- lection, Uruguay (Acquired before 1940).<br \/>\nLiterature: A. Le Normand-Romain, <em>Rodin et le Bronze Catalogue des \u0153uvres conserv\u00e9es au Mus\u00e9e Rodin<\/em>, Paris, 2007, Volume I (another proof reproduced on page 334).<\/p>\n<p>An insertion notice to the <em>Catalogue critique de l\u2019\u0153uvre sculpt\u00e9 d\u2019Auguste Rodin<\/em>, currently in preparation at the Galerie Brame &amp; Lorenceau, under the direction of J\u00e9r\u00f4me Le Blay, issued on 10 February 2022, under the number 2020-6228B, will be delive- red to the purchaser.<\/p>\n<p><strong>SOLD<\/strong><\/p>\n","protected":false},"featured_media":4331,"template":"","meta":[],"product_brand":[],"product_cat":[270,312],"product_tag":[],"class_list":{"0":"post-4329","1":"product","2":"type-product","3":"status-publish","4":"has-post-thumbnail","6":"product_cat-auguste-rodin-en","7":"product_cat-chefs-doeuvre-vendu-en","8":"description-off","10":"first","11":"instock","12":"shipping-taxable","13":"product-type-simple"},"aioseo_notices":[],"_links":{"self":[{"href":"https:\/\/www.galerienicolasbourriaud.com\/en\/wp-json\/wp\/v2\/product\/4329","targetHints":{"allow":["GET"]}}],"collection":[{"href":"https:\/\/www.galerienicolasbourriaud.com\/en\/wp-json\/wp\/v2\/product"}],"about":[{"href":"https:\/\/www.galerienicolasbourriaud.com\/en\/wp-json\/wp\/v2\/types\/product"}],"wp:featuredmedia":[{"embeddable":true,"href":"https:\/\/www.galerienicolasbourriaud.com\/en\/wp-json\/wp\/v2\/media\/4331"}],"wp:attachment":[{"href":"https:\/\/www.galerienicolasbourriaud.com\/en\/wp-json\/wp\/v2\/media?parent=4329"}],"wp:term":[{"taxonomy":"product_brand","embeddable":true,"href":"https:\/\/www.galerienicolasbourriaud.com\/en\/wp-json\/wp\/v2\/product_brand?post=4329"},{"taxonomy":"product_cat","embeddable":true,"href":"https:\/\/www.galerienicolasbourriaud.com\/en\/wp-json\/wp\/v2\/product_cat?post=4329"},{"taxonomy":"product_tag","embeddable":true,"href":"https:\/\/www.galerienicolasbourriaud.com\/en\/wp-json\/wp\/v2\/product_tag?post=4329"}],"curies":[{"name":"wp","href":"https:\/\/api.w.org\/{rel}","templated":true}]}}