{"id":5021,"date":"2023-03-29T13:24:09","date_gmt":"2023-03-29T11:24:09","guid":{"rendered":"https:\/\/www.galerienicolasbourriaud.com\/?post_type=product&#038;p=5021"},"modified":"2023-05-20T11:39:10","modified_gmt":"2023-05-20T09:39:10","slug":"leda-1891-copie","status":"publish","type":"product","link":"https:\/\/www.galerienicolasbourriaud.com\/en\/produit\/leda-1891-copie\/","title":{"rendered":"THE SOURCE"},"content":{"rendered":"<p>&nbsp;<\/p>\n<p>&nbsp;<\/p>\n<p>&nbsp;<\/p>\n<p>&nbsp;<\/p>\n<p>&nbsp;<\/p>\n<p>&nbsp;<\/p>\n<p>&nbsp;<\/p>\n<p>&nbsp;<\/p>\n","protected":false},"excerpt":{"rendered":"<h1><span style=\"color: #e1b300;\">Jules DESBOIS\u00a0<\/span><\/h1>\n<p>Bronze with nuanced brown and green patina, signed on its base \u00ab J. Desbois \u00bb and numbered \u00ab1\u00bb.<br \/>\nCast by A.A H\u00e9brard, bears the founder&#8217;s stamp\u00a0\u00ab CIRE \/ PERDUE \/ A.A. H\u00c9BRARD \u00bb.<br \/>\nCast of only 6 examples.<br \/>\nHeight: 23.63\u2033 x \u00a0Width: 19.69\u2033x \u00a0Depth: 14.97\u2033<br \/>\nCirca 1920<\/p>\n<p style=\"font-weight: 400;\">Literature: V\u00e9ronique WIESINGER, &#8220;Jules Desbois (1851-1935), sculpteur ou imitateur de Rodin?&#8221;, <em>Bulletin de la Soci\u00e9t\u00e9 de l&#8217;Histoire de l&#8217;Art fran\u00e7ais<\/em>, Session of November 9, 1985, p. 315 to 330.<\/p>\n<p><span style=\"color: #e1b300;\"><strong>SOLD<\/strong><\/span><\/p>\n","protected":false},"featured_media":5023,"template":"","meta":[],"product_brand":[],"product_cat":[312,355],"product_tag":[],"class_list":{"0":"post-5021","1":"product","2":"type-product","3":"status-publish","4":"has-post-thumbnail","6":"product_cat-chefs-doeuvre-vendu-en","7":"product_cat-jules-desbois-en","8":"description-off","10":"first","11":"instock","12":"shipping-taxable","13":"product-type-simple"},"aioseo_notices":[],"_links":{"self":[{"href":"https:\/\/www.galerienicolasbourriaud.com\/en\/wp-json\/wp\/v2\/product\/5021","targetHints":{"allow":["GET"]}}],"collection":[{"href":"https:\/\/www.galerienicolasbourriaud.com\/en\/wp-json\/wp\/v2\/product"}],"about":[{"href":"https:\/\/www.galerienicolasbourriaud.com\/en\/wp-json\/wp\/v2\/types\/product"}],"wp:featuredmedia":[{"embeddable":true,"href":"https:\/\/www.galerienicolasbourriaud.com\/en\/wp-json\/wp\/v2\/media\/5023"}],"wp:attachment":[{"href":"https:\/\/www.galerienicolasbourriaud.com\/en\/wp-json\/wp\/v2\/media?parent=5021"}],"wp:term":[{"taxonomy":"product_brand","embeddable":true,"href":"https:\/\/www.galerienicolasbourriaud.com\/en\/wp-json\/wp\/v2\/product_brand?post=5021"},{"taxonomy":"product_cat","embeddable":true,"href":"https:\/\/www.galerienicolasbourriaud.com\/en\/wp-json\/wp\/v2\/product_cat?post=5021"},{"taxonomy":"product_tag","embeddable":true,"href":"https:\/\/www.galerienicolasbourriaud.com\/en\/wp-json\/wp\/v2\/product_tag?post=5021"}],"curies":[{"name":"wp","href":"https:\/\/api.w.org\/{rel}","templated":true}]}}