{"id":6358,"date":"2023-10-26T12:13:29","date_gmt":"2023-10-26T10:13:29","guid":{"rendered":"https:\/\/www.galerienicolasbourriaud.com\/produit\/elephant-dasie-en-marche-petit-modele-1909-1910\/"},"modified":"2024-05-02T16:22:35","modified_gmt":"2024-05-02T14:22:35","slug":"elephant-dasie-en-marche-petit-modele-1909-1910","status":"publish","type":"product","link":"https:\/\/www.galerienicolasbourriaud.com\/en\/produit\/elephant-dasie-en-marche-petit-modele-1909-1910\/","title":{"rendered":"MARCHING ASIAN ELEPHANT (SMALL MODEL 1909-1910)"},"content":{"rendered":"<p>&nbsp;<\/p>\n<p>&nbsp;<\/p>\n","protected":false},"excerpt":{"rendered":"<h1><span style=\"color: #e1b300;\">Rembrandt BUGATTI<\/span><\/h1>\n<p style=\"font-weight: 400;\">Bronze with nuanced brown patina. Signed R.Bugatti.<br \/>\nCast by H\u00e9brard, bears the stamp \u00a0\u00ab cire perdue A.A.H\u00e9brard \u00bb.<br \/>\nHeight 5,51\u2033 x Width 8,46\u2033 x Depth 2,55\u2033<br \/>\nCirca\u00a01909-1934<\/p>\n<p style=\"font-weight: 400;\">Literature: V\u00e9ronique Fromanger<em>, Rembrandt Bugatti sculpteur, <\/em>Les Editions de l\u2019Amateur, Paris, 2016, ref. n\u00b0 233, p. 341 (not reproduced) ; Estelle Beauseigneur, \u00ab 100 sculptures animali\u00e8res au mus\u00e9e des ann\u00e9es 30 \u00bb, Dossier de l\u2019art n\u00b0194, p. 88 et 89<\/p>\n<p style=\"font-weight: 400;\">Related work: Mus\u00e9e des Beaux-arts de Rennes.<\/p>\n<p>SOLD<\/p>\n<p>&nbsp;<\/p>\n<p>&nbsp;<\/p>\n","protected":false},"featured_media":6347,"template":"","meta":[],"product_brand":[],"product_cat":[312,313],"product_tag":[],"class_list":{"0":"post-6358","1":"product","2":"type-product","3":"status-publish","4":"has-post-thumbnail","6":"product_cat-chefs-doeuvre-vendu-en","7":"product_cat-rembrandt-bugatti-en","8":"description-off","10":"first","11":"instock","12":"shipping-taxable","13":"product-type-simple"},"aioseo_notices":[],"_links":{"self":[{"href":"https:\/\/www.galerienicolasbourriaud.com\/en\/wp-json\/wp\/v2\/product\/6358","targetHints":{"allow":["GET"]}}],"collection":[{"href":"https:\/\/www.galerienicolasbourriaud.com\/en\/wp-json\/wp\/v2\/product"}],"about":[{"href":"https:\/\/www.galerienicolasbourriaud.com\/en\/wp-json\/wp\/v2\/types\/product"}],"wp:featuredmedia":[{"embeddable":true,"href":"https:\/\/www.galerienicolasbourriaud.com\/en\/wp-json\/wp\/v2\/media\/6347"}],"wp:attachment":[{"href":"https:\/\/www.galerienicolasbourriaud.com\/en\/wp-json\/wp\/v2\/media?parent=6358"}],"wp:term":[{"taxonomy":"product_brand","embeddable":true,"href":"https:\/\/www.galerienicolasbourriaud.com\/en\/wp-json\/wp\/v2\/product_brand?post=6358"},{"taxonomy":"product_cat","embeddable":true,"href":"https:\/\/www.galerienicolasbourriaud.com\/en\/wp-json\/wp\/v2\/product_cat?post=6358"},{"taxonomy":"product_tag","embeddable":true,"href":"https:\/\/www.galerienicolasbourriaud.com\/en\/wp-json\/wp\/v2\/product_tag?post=6358"}],"curies":[{"name":"wp","href":"https:\/\/api.w.org\/{rel}","templated":true}]}}