{"id":6806,"date":"2023-12-16T15:30:08","date_gmt":"2023-12-16T14:30:08","guid":{"rendered":"https:\/\/www.galerienicolasbourriaud.com\/produit\/le-duc-dorleans-vers-1844-1845\/"},"modified":"2024-10-10T19:01:37","modified_gmt":"2024-10-10T17:01:37","slug":"le-duc-dorleans-vers-1844-1845","status":"publish","type":"product","link":"https:\/\/www.galerienicolasbourriaud.com\/en\/produit\/le-duc-dorleans-vers-1844-1845\/","title":{"rendered":"THE DUC D&#8217;ORL\u00c9ANS (AROUND 1844-1845)"},"content":{"rendered":"<p>Here, Barye portrayed Ferdinand-Philippe d&#8217;Orl\u00e9ans (1810-1842), the eldest son of King Louis-Philippe, who died in a carriage accident in Neuilly. Yet this absurd death was one of the elements that made Ferdinand a legend: that of a handsome, heroic and romantic prince, the hope of the kingdom mowed down by fate. It was undoubtedly Alfred de Musset who summed up the general sentiment even better than the various depictions of the drama: &#8220;May God, who hears me, keep me from blasphemy\/But I understand nothing of this cowardly destiny\/Which is going to break a diadem on a paving stone\/Because a postilion does not have his bridle in hand&#8221;.<\/p>\n<p>It should also be remembered that the young duke turned out to be a true patron of the arts, and enabled our budding artist to establish himself as the Romantic sculptor of his generation, thanks mainly to the commission for an impressive tabletop surtout (1834-1839), a true masterpiece of the genre.<\/p>\n<p>This equestrian statue is a posthumous tribute by the sculptor to his patron, and forms a counterpart to Le G\u00e9n\u00e9ral Bonaparte. Queen Am\u00e9lie owned a copy, which she placed opposite her desk in the Tuileries Palace, circa 1845-1848. The price of the two sculptures varied according to the regime: under the July monarchy, Le Duc d&#8217;Orl\u00e9ans was twice as expensive as Le G\u00e9n\u00e9ral Bonaparte, proof of the sculptor&#8217;s preference for the royal family? During the Second Empire, Barye presented both statues at the same price<\/p>\n<p>Our copy bears the inscription \u00abd\u00e9positaire Delesalle, 41 boulevard du temple\u00bb. Delesalle \u00abbronzes d&#8217;art et d&#8217;ameublement, garnitures de chemin\u00e9e, groupes, statuettes, suspensions, lustres, etc.\u00bb was one of the sculptor&#8217;s dealers until 1874.<\/p>\n","protected":false},"excerpt":{"rendered":"<h1><span style=\"color: #e1b300;\">Antoine-Louis BARYE<\/span><\/h1>\n<p>Bronze with nuanced brown green patina, signed<span style=\"font-weight: 400;\">\u00a0\u00ab \u00a0BARYE \u00bb. Bears the inscription <\/span><i style=\"font-size: 14px;\">\u00ab\u00a0Dept Delesalle 41. Bt du Temple\u00a0\u00bb<br \/>\n<\/i>Height 14,56\u2033 x Width 12,75\u2033 x Depth 5,19\u2033<br \/>\nCast by atelier Barye<br \/>\nCirca 1865<\/p>\n<p><span style=\"font-weight: 400;\">Literature: Michel Poletti et Alain Richarme<\/span><i><span style=\"font-weight: 400;\">, Barye \u2013 catalogue raisonn\u00e9 des sculptures, <\/span><\/i><span style=\"font-weight: 400;\">Edition Gallimard, V\u00e9rone, 2000, p. 65, model ref. F3, \u00a0example reproduced p. 66 n\u00b0 13.<\/span><\/p>\n<p><i><span style=\"font-weight: 400;\">\u00a0<\/span><\/i><\/p>\n<p>&nbsp;<\/p>\n","protected":false},"featured_media":6781,"template":"","meta":[],"product_brand":[],"product_cat":[266,267,260],"product_tag":[],"class_list":{"0":"post-6806","1":"product","2":"type-product","3":"status-publish","4":"has-post-thumbnail","6":"product_cat-antoine-louis-barye-en","7":"product_cat-chefs-d-oeuvre-en-vente-en","8":"product_cat-galerie-faubourg-saint-honore-en","9":"description-off","11":"first","12":"instock","13":"shipping-taxable","14":"product-type-simple"},"aioseo_notices":[],"_links":{"self":[{"href":"https:\/\/www.galerienicolasbourriaud.com\/en\/wp-json\/wp\/v2\/product\/6806","targetHints":{"allow":["GET"]}}],"collection":[{"href":"https:\/\/www.galerienicolasbourriaud.com\/en\/wp-json\/wp\/v2\/product"}],"about":[{"href":"https:\/\/www.galerienicolasbourriaud.com\/en\/wp-json\/wp\/v2\/types\/product"}],"wp:featuredmedia":[{"embeddable":true,"href":"https:\/\/www.galerienicolasbourriaud.com\/en\/wp-json\/wp\/v2\/media\/6781"}],"wp:attachment":[{"href":"https:\/\/www.galerienicolasbourriaud.com\/en\/wp-json\/wp\/v2\/media?parent=6806"}],"wp:term":[{"taxonomy":"product_brand","embeddable":true,"href":"https:\/\/www.galerienicolasbourriaud.com\/en\/wp-json\/wp\/v2\/product_brand?post=6806"},{"taxonomy":"product_cat","embeddable":true,"href":"https:\/\/www.galerienicolasbourriaud.com\/en\/wp-json\/wp\/v2\/product_cat?post=6806"},{"taxonomy":"product_tag","embeddable":true,"href":"https:\/\/www.galerienicolasbourriaud.com\/en\/wp-json\/wp\/v2\/product_tag?post=6806"}],"curies":[{"name":"wp","href":"https:\/\/api.w.org\/{rel}","templated":true}]}}