{"id":7514,"date":"2024-03-15T15:30:36","date_gmt":"2024-03-15T14:30:36","guid":{"rendered":"https:\/\/www.galerienicolasbourriaud.com\/produit\/la-jeunesse-avec-draperie\/"},"modified":"2024-03-15T15:37:43","modified_gmt":"2024-03-15T14:37:43","slug":"la-jeunesse-avec-draperie","status":"publish","type":"product","link":"https:\/\/www.galerienicolasbourriaud.com\/en\/produit\/la-jeunesse-avec-draperie\/","title":{"rendered":"YOUTH (WITH DRAPERY)"},"content":{"rendered":"<p style=\"font-weight: 400;\">This portrait of a young girl, of which there exists a variant on a circular pedestal (PB73-A), once again demonstrates the sculptor&#8217;s mastery of portraiture. It exudes great sensitivity and its restrained facial expression is reminiscent of the high-relief <em>Volubilis <\/em>(1896-1897), one of his most famous sculptures. It displays virtually the same profile, with loose hair, fine features and a lowered gaze&#8230; also to be found in the face of <em>L&#8217;Hirondelle bless\u00e9e<\/em> (1898).<\/p>\n<p style=\"font-weight: 400;\">Alfred Boucher had the reputation of being a great marble carver; he liked to carve directly himself, and had few assistants. Marble works were usually produced in multiple examples, as is the case with our model, of which only two other examples exist in the Mus\u00e9e de Nogent-sur-Seine, making our marble a discovery. With its draped bust on a circular pedestal, it is inspired by the formal portrait bust arrangement favoured by the sculpture of the Age of Enlightenment. Dominique Canaud, in a special issue of \u00ab\u00a0La Vie en Champagne \u00bb of 1982, devoted to 19th-century sculptors in the Aube department, had already observed this affinity when he wrote: \u00ab\u00a0For Boucher was \u00ab\u00a0a beautiful hand \u00bb that did not shy away from the monumental when the bibelot was preferred, nor from scrupulous naturalism in transcription, or the firm, artifice-free translation of suave feminine beauties in a free-flowing, very &#8220;Art Nouveau&#8221; style, with whimsical and spontaneous accents that the 18th century would not have shunned. \u00bb<\/p>\n","protected":false},"excerpt":{"rendered":"<h1><span style=\"color: #e1b300;\">Alfred BOUCHER\u00a0<\/span><\/h1>\n<p style=\"font-weight: 400;\">Carrara marble, signed &#8220;A. BOUCHER&#8221;, on circular pedestal<br \/>\nHeight: 19 \u00bd\u201d (49,5cm) x Width: 13 \u00bc\u201d (33,5 cm) x Depth: 7 \u00be\u201d (20 cm) \u2013 Total height: 25 \u00bc\u201d (64cm)<br \/>\nCirca 1900<\/p>\n<p style=\"font-weight: 400;\">Literature: Jacques Piette, <em>Alfred Boucher 1850-1934, L&#8217;\u0153uvre sculpt\u00e9, catalogue raisonn\u00e9<\/em>, Paris, 2014, page 325, an example reproduced under no. PB73-B.<\/p>\n<p style=\"font-weight: 400;\">Related works: <em>La Jeunesse (poitrine d\u00e9nud\u00e9e)<\/em>, marble, circular pedestal (Mus\u00e9e de Nogent-sur-Seine); <em>La jeunesse (avec draperie)<\/em>, marble, rectangular pedestal (Mus\u00e9e de Nogent-sur-Seine).<\/p>\n<p><strong>SOLD<\/strong><\/p>\n","protected":false},"featured_media":7495,"template":"","meta":[],"product_brand":[],"product_cat":[441,312],"product_tag":[],"class_list":{"0":"post-7514","1":"product","2":"type-product","3":"status-publish","4":"has-post-thumbnail","6":"product_cat-alfred-boucher-en-2","7":"product_cat-chefs-doeuvre-vendu-en","8":"description-off","10":"first","11":"instock","12":"shipping-taxable","13":"product-type-simple"},"aioseo_notices":[],"_links":{"self":[{"href":"https:\/\/www.galerienicolasbourriaud.com\/en\/wp-json\/wp\/v2\/product\/7514","targetHints":{"allow":["GET"]}}],"collection":[{"href":"https:\/\/www.galerienicolasbourriaud.com\/en\/wp-json\/wp\/v2\/product"}],"about":[{"href":"https:\/\/www.galerienicolasbourriaud.com\/en\/wp-json\/wp\/v2\/types\/product"}],"wp:featuredmedia":[{"embeddable":true,"href":"https:\/\/www.galerienicolasbourriaud.com\/en\/wp-json\/wp\/v2\/media\/7495"}],"wp:attachment":[{"href":"https:\/\/www.galerienicolasbourriaud.com\/en\/wp-json\/wp\/v2\/media?parent=7514"}],"wp:term":[{"taxonomy":"product_brand","embeddable":true,"href":"https:\/\/www.galerienicolasbourriaud.com\/en\/wp-json\/wp\/v2\/product_brand?post=7514"},{"taxonomy":"product_cat","embeddable":true,"href":"https:\/\/www.galerienicolasbourriaud.com\/en\/wp-json\/wp\/v2\/product_cat?post=7514"},{"taxonomy":"product_tag","embeddable":true,"href":"https:\/\/www.galerienicolasbourriaud.com\/en\/wp-json\/wp\/v2\/product_tag?post=7514"}],"curies":[{"name":"wp","href":"https:\/\/api.w.org\/{rel}","templated":true}]}}