{"id":7831,"date":"2024-03-27T11:35:20","date_gmt":"2024-03-27T10:35:20","guid":{"rendered":"https:\/\/www.galerienicolasbourriaud.com\/produit\/alexandre-dumas-fils-n3-1873\/"},"modified":"2025-10-01T15:22:55","modified_gmt":"2025-10-01T13:22:55","slug":"alexandre-dumas-fils-n3-1873","status":"publish","type":"product","link":"https:\/\/www.galerienicolasbourriaud.com\/en\/produit\/alexandre-dumas-fils-n3-1873\/","title":{"rendered":"ALEXANDRE DUMAS FILS N\u00b03 (1873)"},"content":{"rendered":"<p style=\"font-weight: 400;\">The writer and Carpeaux had been close friends since they had met in Rome in 1861, while Carpeaux was staying at the Villa M\u00e9dicis. Dumas was the sculptor&#8217;s best man at his marriage to Am\u00e9lie de Montfort in 1869, then godfather to his son Charles and finally his executor. The portrait of Dumas was created in 1873 with that of his wife as a pendant. The original plaster casts, patinated in the colour of terracotta, are now in the Mus\u00e9e d&#8217;Orsay, while the marble Dumas, exhibited at the 1874 Salon (no. 2727), was bequeathed to the Com\u00e9die Fran\u00e7aise, where it remains to this day.<\/p>\n<p style=\"font-weight: 400;\">Alexandre Dumas fils &#8211; son of the famous author of &#8220;The Three Musketeers&#8221; &#8211; was one of the leading playwrights of his time. He became famous in 1848 with his novel \u00ab La Dame aux Cam\u00e9lias \u00bb and even more so in 1851 thanks to the play that was drawn from it. Declared the illegitimate child of unknown father and mother, he was officially recognized by his father on March 17, 1831, when he was seven years old. He wrote numerous plays aiming to paint a realistic picture of contemporary society, and exploring the problems that troubled the bourgeois world of the second half of the 19th century (the status of women, marriage, money, corruption, etc.). An admirer and close friend of Georges Sand, he was elected to the Acad\u00e9mie fran\u00e7aise in 1874, filling the seat vacated by his father.<\/p>\n<p style=\"font-weight: 400;\">The model was produced in terracotta by the studio as early as 1873, then posthumously by the family after 1875. The Carpeaux sale of 1894 mentions a terracotta. It was similarly produced in bronze in three sizes (0.82; 0.66; 0.47).<\/p>\n<p>&nbsp;<\/p>\n<p>&nbsp;<\/p>\n<p>&nbsp;<\/p>\n<p>&nbsp;<\/p>\n<p>&nbsp;<\/p>\n<p>&nbsp;<\/p>\n<p>&nbsp;<\/p>\n","protected":false},"excerpt":{"rendered":"<h1><span style=\"color: #e1b300;\">Jean-Baptiste CARPEAUX<\/span><\/h1>\n<p style=\"font-weight: 400;\">Terracotta with pink patina, signed and dated &#8221; JB Carpeaux 1873&#8243;<br \/>\nStamped &#8220;Propri\u00e9t\u00e9 Carpeaux&#8221; with the Imperial Eagle and &#8221; ATELIER DEP\u00d4T 71 rue Boileau Auteuil Paris&#8221;.<br \/>\nHeight: 17 \u00bc\u201d (44 cm) x Width: 12 \u00be\u201d (32.5 cm) x Depth: 7 \u00bc\u201d (18.5 cm)<br \/>\nCirca 1873<\/p>\n<p style=\"font-weight: 400;\">Literature: Michel Poletti, Alain Richarme <em>Jean-Baptiste Carpeaux sculpteur, catalogue raisonn\u00e9 de<\/em> l&#8217;\u0153uvre <em>\u00e9dit\u00e9,<\/em> Paris, 2003, p.104-105, listed under no. BU 3.<\/p>\n<p>&nbsp;<\/p>\n<p>&nbsp;<\/p>\n<p>&nbsp;<\/p>\n<p>&nbsp;<\/p>\n","protected":false},"featured_media":7812,"template":"","meta":[],"product_brand":[],"product_cat":[260,268,269],"product_tag":[],"class_list":{"0":"post-7831","1":"product","2":"type-product","3":"status-publish","4":"has-post-thumbnail","6":"product_cat-galerie-faubourg-saint-honore-en","7":"product_cat-jean-baptiste-carpeaux-en","8":"product_cat-sculptures-xixeme-en","9":"description-off","11":"first","12":"instock","13":"shipping-taxable","14":"product-type-simple"},"aioseo_notices":[],"_links":{"self":[{"href":"https:\/\/www.galerienicolasbourriaud.com\/en\/wp-json\/wp\/v2\/product\/7831","targetHints":{"allow":["GET"]}}],"collection":[{"href":"https:\/\/www.galerienicolasbourriaud.com\/en\/wp-json\/wp\/v2\/product"}],"about":[{"href":"https:\/\/www.galerienicolasbourriaud.com\/en\/wp-json\/wp\/v2\/types\/product"}],"wp:featuredmedia":[{"embeddable":true,"href":"https:\/\/www.galerienicolasbourriaud.com\/en\/wp-json\/wp\/v2\/media\/7812"}],"wp:attachment":[{"href":"https:\/\/www.galerienicolasbourriaud.com\/en\/wp-json\/wp\/v2\/media?parent=7831"}],"wp:term":[{"taxonomy":"product_brand","embeddable":true,"href":"https:\/\/www.galerienicolasbourriaud.com\/en\/wp-json\/wp\/v2\/product_brand?post=7831"},{"taxonomy":"product_cat","embeddable":true,"href":"https:\/\/www.galerienicolasbourriaud.com\/en\/wp-json\/wp\/v2\/product_cat?post=7831"},{"taxonomy":"product_tag","embeddable":true,"href":"https:\/\/www.galerienicolasbourriaud.com\/en\/wp-json\/wp\/v2\/product_tag?post=7831"}],"curies":[{"name":"wp","href":"https:\/\/api.w.org\/{rel}","templated":true}]}}