{"id":8174,"date":"2024-05-11T16:36:04","date_gmt":"2024-05-11T14:36:04","guid":{"rendered":"https:\/\/www.galerienicolasbourriaud.com\/produit\/ours-lampe-antique\/"},"modified":"2026-03-28T12:06:53","modified_gmt":"2026-03-28T11:06:53","slug":"ours-lampe-antique","status":"publish","type":"product","link":"https:\/\/www.galerienicolasbourriaud.com\/en\/produit\/ours-lampe-antique\/","title":{"rendered":"BEAR ANTIC LAMP"},"content":{"rendered":"<p>&nbsp;<\/p>\n<div><\/div>\n<p>&nbsp;<\/p>\n<div>\n<p>&nbsp;<\/p>\n<\/div>\n","protected":false},"excerpt":{"rendered":"<h1><span style=\"color: #e1b300;\">Christophe FRATIN<\/span><\/h1>\n<p><span style=\"font-weight: 400;\">Bronze with nuanced brown patina, stamped \u00ab FRATIN \u00bb.<br \/>\nHeight: 7,6&#8243;<\/span><span style=\"font-size: 14px;\"> x Width: 4,3&#8243; x Depth: 5,3&#8243;<br \/>\n<\/span><span style=\"font-weight: 400;\">Circa 1850<\/span><\/p>\n<p><span style=\"font-weight: 400;\">Exhibition: Victor Franses Gallery, <\/span><i><span style=\"font-weight: 400;\">The Bear Bronze of Christophe Fratin,<\/span><\/i><span style=\"font-weight: 400;\"> from 30 oct. to 12 November 2002, n\u00b0 27 (without the lamp).<\/span><\/p>\n<p><span style=\"font-weight: 400;\">Sales: <\/span><i><span style=\"font-weight: 400;\">Catalogue de tous les mod\u00e8les en bronze publi\u00e9s et in\u00e9dits de M. Fratin sculpteur<\/span><\/i><span style=\"font-weight: 400;\">, by Me Bonnefons de Lavialle, Paris 16-18 avril 1850, model referenced under the n\u00b0 258.<\/span><\/p>\n<p style=\"font-weight: 400;\">\n<p><br style=\"font-weight: 400;\" \/><br style=\"font-weight: 400;\" \/><\/p>\n<p><br style=\"font-weight: 400;\" \/><br style=\"font-weight: 400;\" \/><\/p>\n","protected":false},"featured_media":8165,"template":"","meta":[],"product_brand":[],"product_cat":[259,311,260],"product_tag":[],"class_list":{"0":"post-8174","1":"product","2":"type-product","3":"status-publish","4":"has-post-thumbnail","6":"product_cat-animaliers-xixeme-en","7":"product_cat-christophe-fratin-en","8":"product_cat-galerie-faubourg-saint-honore-en","9":"description-off","11":"first","12":"instock","13":"shipping-taxable","14":"product-type-simple"},"aioseo_notices":[],"_links":{"self":[{"href":"https:\/\/www.galerienicolasbourriaud.com\/en\/wp-json\/wp\/v2\/product\/8174","targetHints":{"allow":["GET"]}}],"collection":[{"href":"https:\/\/www.galerienicolasbourriaud.com\/en\/wp-json\/wp\/v2\/product"}],"about":[{"href":"https:\/\/www.galerienicolasbourriaud.com\/en\/wp-json\/wp\/v2\/types\/product"}],"wp:featuredmedia":[{"embeddable":true,"href":"https:\/\/www.galerienicolasbourriaud.com\/en\/wp-json\/wp\/v2\/media\/8165"}],"wp:attachment":[{"href":"https:\/\/www.galerienicolasbourriaud.com\/en\/wp-json\/wp\/v2\/media?parent=8174"}],"wp:term":[{"taxonomy":"product_brand","embeddable":true,"href":"https:\/\/www.galerienicolasbourriaud.com\/en\/wp-json\/wp\/v2\/product_brand?post=8174"},{"taxonomy":"product_cat","embeddable":true,"href":"https:\/\/www.galerienicolasbourriaud.com\/en\/wp-json\/wp\/v2\/product_cat?post=8174"},{"taxonomy":"product_tag","embeddable":true,"href":"https:\/\/www.galerienicolasbourriaud.com\/en\/wp-json\/wp\/v2\/product_tag?post=8174"}],"curies":[{"name":"wp","href":"https:\/\/api.w.org\/{rel}","templated":true}]}}