{"id":9063,"date":"2024-10-22T14:48:22","date_gmt":"2024-10-22T12:48:22","guid":{"rendered":"https:\/\/www.galerienicolasbourriaud.com\/produit\/coq-leghorn\/"},"modified":"2024-11-26T12:05:49","modified_gmt":"2024-11-26T11:05:49","slug":"coq-leghorn","status":"publish","type":"product","link":"https:\/\/www.galerienicolasbourriaud.com\/en\/produit\/coq-leghorn\/","title":{"rendered":"LEGHORN ROOSTER"},"content":{"rendered":"<p>&nbsp;<\/p>\n<p>&nbsp;<\/p>\n<p>&nbsp;<\/p>\n<p>&nbsp;<\/p>\n","protected":false},"excerpt":{"rendered":"<h1><span style=\"color: #e1b300;\">Charles ARTUS<\/span><\/h1>\n<p><span style=\"font-weight: 400;\">Bronze with nuanced brown patina, signed \u00ab Ch. Artus \u00bb.<br \/>\n<\/span><span style=\"font-weight: 400;\">Cast by Claude Valsuani, bears the founder&#8217;s stamp<br \/>\nHeight. 14,7&#8243;<\/span><span style=\"font-size: 14px;\"> x Width. 16,3&#8243; x Depth. 5,6&#8243;<br \/>\n<\/span><span style=\"font-weight: 400;\">Circa 1930<\/span><\/p>\n<p><span style=\"font-weight: 400;\">Provenance: Spanish private collection.<\/span><\/p>\n<p><span style=\"font-weight: 400;\">Literature: Armand Dayot, <\/span><i><span style=\"font-weight: 400;\">Les animaux vus par les meilleurs animaliers r\u00e9alisations \u2013 dessins \u2013 \u00e9tudes \u2013 etc animaux d\u2019apr\u00e8s nature, <\/span><\/i><span style=\"font-weight: 400;\">Paris, 1929, vol. 3, model pl. 26 ;<\/span><span style=\"font-weight: 400;\">\u00a0 <\/span><span style=\"font-weight: 400;\">Fran\u00e7ois Fosca, \u00ab Le Salon d\u2019Automne de 1929 \u00bb, <\/span><i><span style=\"font-weight: 400;\">L\u2019Amour de l\u2019Art<\/span><\/i><span style=\"font-weight: 400;\">, 1929, p. 453 <\/span><span style=\"font-weight: 400;\">; <\/span><i><span style=\"font-weight: 400;\">Mobilier &amp; D\u00e9coration<\/span><\/i><span style=\"font-weight: 400;\">, 1930, p. 162 ; Soci\u00e9t\u00e9 des artistes ind\u00e9pendants, <\/span><i><span style=\"font-weight: 400;\">Catalogue de la 42<\/span><\/i><i><span style=\"font-weight: 400;\">e <\/span><\/i><i><span style=\"font-weight: 400;\">exposition au Grand-Palais des champs Elys\u00e9es du 23 janvier au 1<\/span><\/i><i><span style=\"font-weight: 400;\">er<\/span><\/i><i><span style=\"font-weight: 400;\"> mars<\/span><\/i><span style=\"font-weight: 400;\">, 1931, p. 22 n\u00b0121<\/span><\/p>\n<p><strong>SOLD<\/strong><\/p>\n","protected":false},"featured_media":9044,"template":"","meta":[],"product_brand":[],"product_cat":[282,312],"product_tag":[],"class_list":{"0":"post-9063","1":"product","2":"type-product","3":"status-publish","4":"has-post-thumbnail","6":"product_cat-charles-artus-en","7":"product_cat-chefs-doeuvre-vendu-en","8":"description-off","10":"first","11":"instock","12":"shipping-taxable","13":"product-type-simple"},"aioseo_notices":[],"_links":{"self":[{"href":"https:\/\/www.galerienicolasbourriaud.com\/en\/wp-json\/wp\/v2\/product\/9063","targetHints":{"allow":["GET"]}}],"collection":[{"href":"https:\/\/www.galerienicolasbourriaud.com\/en\/wp-json\/wp\/v2\/product"}],"about":[{"href":"https:\/\/www.galerienicolasbourriaud.com\/en\/wp-json\/wp\/v2\/types\/product"}],"wp:featuredmedia":[{"embeddable":true,"href":"https:\/\/www.galerienicolasbourriaud.com\/en\/wp-json\/wp\/v2\/media\/9044"}],"wp:attachment":[{"href":"https:\/\/www.galerienicolasbourriaud.com\/en\/wp-json\/wp\/v2\/media?parent=9063"}],"wp:term":[{"taxonomy":"product_brand","embeddable":true,"href":"https:\/\/www.galerienicolasbourriaud.com\/en\/wp-json\/wp\/v2\/product_brand?post=9063"},{"taxonomy":"product_cat","embeddable":true,"href":"https:\/\/www.galerienicolasbourriaud.com\/en\/wp-json\/wp\/v2\/product_cat?post=9063"},{"taxonomy":"product_tag","embeddable":true,"href":"https:\/\/www.galerienicolasbourriaud.com\/en\/wp-json\/wp\/v2\/product_tag?post=9063"}],"curies":[{"name":"wp","href":"https:\/\/api.w.org\/{rel}","templated":true}]}}