{"id":9273,"date":"2024-10-25T14:42:09","date_gmt":"2024-10-25T12:42:09","guid":{"rendered":"https:\/\/www.galerienicolasbourriaud.com\/produit\/le-pere-odry-porte-allumette\/"},"modified":"2026-03-28T12:06:35","modified_gmt":"2026-03-28T11:06:35","slug":"le-pere-odry-porte-allumette","status":"publish","type":"product","link":"https:\/\/www.galerienicolasbourriaud.com\/en\/produit\/le-pere-odry-porte-allumette\/","title":{"rendered":"LE P\u00c8RE ODRY, MATCH HOLDER"},"content":{"rendered":"<p>&nbsp;<\/p>\n<div><\/div>\n<p>&nbsp;<\/p>\n<div>\n<p>&nbsp;<\/p>\n<\/div>\n","protected":false},"excerpt":{"rendered":"<h1><span style=\"color: #e1b300;\">Christophe FRATIN<\/span><\/h1>\n<p><span style=\"font-weight: 400;\">Bronze with brown patina with golden brown nuances. Not signed. Titled \u00ab LE PERE ODRY \u00bb<br \/>\n<\/span><span style=\"font-weight: 400;\">Cast by Daubr\u00e9e. Bears twice the founder&#8217;s stamp.<br \/>\nH. 6,8&#8243;<\/span><span style=\"font-size: 14px;\"> x W. 3,5 x D. 3,7&#8243;<br \/>\n<\/span><span style=\"font-weight: 400;\">Circa 1850<\/span><\/p>\n<p><span style=\"font-weight: 400;\">Exhibitions: Victor Franses Gallery, <\/span><i><span style=\"font-weight: 400;\">The Bear Bronze of Christophe Fratin,<\/span><\/i><span style=\"font-weight: 400;\"> from 30 October to 12 November 2002, n\u00b0 16 page 22.<\/span><\/p>\n<p><span style=\"font-weight: 400;\">Sales: <\/span><i><span style=\"font-weight: 400;\">Catalogue de terres cuites et bronzes par M. Fratin, <\/span><\/i><span style=\"font-weight: 400;\">par Me Bonnefons de Lavialle, Paris 3-5 July 1849, model referenced under n\u00b0 58.<\/span><\/p>\n<p><i><span style=\"font-weight: 400;\">Catalogue de tous les mod\u00e8les en bronze publi\u00e9s et in\u00e9dits de M. Fratin sculpteur<\/span><\/i><span style=\"font-weight: 400;\">, par Me Bonnefons de Lavialle, Paris 16-18 April 1850, model referenced under the n\u00b0 256.<\/span><\/p>\n<p><br style=\"font-weight: 400;\" \/><br style=\"font-weight: 400;\" \/><br style=\"font-weight: 400;\" \/><br style=\"font-weight: 400;\" \/><\/p>\n<p><br style=\"font-weight: 400;\" \/><br style=\"font-weight: 400;\" \/><\/p>\n","protected":false},"featured_media":9248,"template":"","meta":[],"product_brand":[],"product_cat":[259,311,260],"product_tag":[],"class_list":{"0":"post-9273","1":"product","2":"type-product","3":"status-publish","4":"has-post-thumbnail","6":"product_cat-animaliers-xixeme-en","7":"product_cat-christophe-fratin-en","8":"product_cat-galerie-faubourg-saint-honore-en","9":"description-off","11":"first","12":"instock","13":"shipping-taxable","14":"product-type-simple"},"aioseo_notices":[],"_links":{"self":[{"href":"https:\/\/www.galerienicolasbourriaud.com\/en\/wp-json\/wp\/v2\/product\/9273","targetHints":{"allow":["GET"]}}],"collection":[{"href":"https:\/\/www.galerienicolasbourriaud.com\/en\/wp-json\/wp\/v2\/product"}],"about":[{"href":"https:\/\/www.galerienicolasbourriaud.com\/en\/wp-json\/wp\/v2\/types\/product"}],"wp:featuredmedia":[{"embeddable":true,"href":"https:\/\/www.galerienicolasbourriaud.com\/en\/wp-json\/wp\/v2\/media\/9248"}],"wp:attachment":[{"href":"https:\/\/www.galerienicolasbourriaud.com\/en\/wp-json\/wp\/v2\/media?parent=9273"}],"wp:term":[{"taxonomy":"product_brand","embeddable":true,"href":"https:\/\/www.galerienicolasbourriaud.com\/en\/wp-json\/wp\/v2\/product_brand?post=9273"},{"taxonomy":"product_cat","embeddable":true,"href":"https:\/\/www.galerienicolasbourriaud.com\/en\/wp-json\/wp\/v2\/product_cat?post=9273"},{"taxonomy":"product_tag","embeddable":true,"href":"https:\/\/www.galerienicolasbourriaud.com\/en\/wp-json\/wp\/v2\/product_tag?post=9273"}],"curies":[{"name":"wp","href":"https:\/\/api.w.org\/{rel}","templated":true}]}}