{"id":9474,"date":"2024-10-30T11:53:52","date_gmt":"2024-10-30T10:53:52","guid":{"rendered":"https:\/\/www.galerienicolasbourriaud.com\/produit\/masque-de-babet-2\/"},"modified":"2024-11-16T12:08:27","modified_gmt":"2024-11-16T11:08:27","slug":"masque-de-babet-2","status":"publish","type":"product","link":"https:\/\/www.galerienicolasbourriaud.com\/en\/produit\/masque-de-babet-2\/","title":{"rendered":"BABET MASK"},"content":{"rendered":"<p>&nbsp;<\/p>\n<p>&nbsp;<\/p>\n","protected":false},"excerpt":{"rendered":"<h1><span style=\"color: #e1b300;\">\u00c9mile GILIOLI<\/span><\/h1>\n<p style=\"font-weight: 400;\">Original raw earth<br \/>\nH. 19,2&#8243; x W. 11&#8243; x D. 11,8&#8243;<br \/>\nCirca 1966<br \/>\nUnique piece<br \/>\nRelated works: Babet, print, Mus\u00e9e des Beaux-Arts de Nantes, inv. n\u00b0 969.9.58 ; Masque de Babet, Mus\u00e9e d\u2019Art moderne en d\u00e9p\u00f4t \u00e0 Troyes , Bronze, cast by Susse, H. 90 x L. 49 x P. 77 cm, inv. AM 1980-437 ; Mus\u00e9e de Grenoble, Bronze, H. 33 x L. 30 x P. 17 cm, inv. n\u00b0 MG 4008.<br \/>\nLiterature: Ionel Jianou, H\u00e9l\u00e8ne Lasalle, <em>Gilioli, <\/em>Paris, 1971, example reproduced p.29; Centre Georges Pompidou, Mus\u00e9e national d&#8217;art moderne,<em> Gilioli sculptures, <\/em>exhibition catalogue from \u00a06 June-3 September 1979, Paris, 1979.<\/p>\n<h2><\/h2>\n<p style=\"font-weight: 400;\">\n","protected":false},"featured_media":9461,"template":"","meta":[],"product_brand":[],"product_cat":[298,260,257],"product_tag":[],"class_list":{"0":"post-9474","1":"product","2":"type-product","3":"status-publish","4":"has-post-thumbnail","6":"product_cat-emile-gilioli-en","7":"product_cat-galerie-faubourg-saint-honore-en","8":"product_cat-sculptures-xxeme-en","9":"description-off","11":"first","12":"instock","13":"shipping-taxable","14":"product-type-simple"},"aioseo_notices":[],"_links":{"self":[{"href":"https:\/\/www.galerienicolasbourriaud.com\/en\/wp-json\/wp\/v2\/product\/9474","targetHints":{"allow":["GET"]}}],"collection":[{"href":"https:\/\/www.galerienicolasbourriaud.com\/en\/wp-json\/wp\/v2\/product"}],"about":[{"href":"https:\/\/www.galerienicolasbourriaud.com\/en\/wp-json\/wp\/v2\/types\/product"}],"wp:featuredmedia":[{"embeddable":true,"href":"https:\/\/www.galerienicolasbourriaud.com\/en\/wp-json\/wp\/v2\/media\/9461"}],"wp:attachment":[{"href":"https:\/\/www.galerienicolasbourriaud.com\/en\/wp-json\/wp\/v2\/media?parent=9474"}],"wp:term":[{"taxonomy":"product_brand","embeddable":true,"href":"https:\/\/www.galerienicolasbourriaud.com\/en\/wp-json\/wp\/v2\/product_brand?post=9474"},{"taxonomy":"product_cat","embeddable":true,"href":"https:\/\/www.galerienicolasbourriaud.com\/en\/wp-json\/wp\/v2\/product_cat?post=9474"},{"taxonomy":"product_tag","embeddable":true,"href":"https:\/\/www.galerienicolasbourriaud.com\/en\/wp-json\/wp\/v2\/product_tag?post=9474"}],"curies":[{"name":"wp","href":"https:\/\/api.w.org\/{rel}","templated":true}]}}