{"id":9681,"date":"2024-11-30T11:22:58","date_gmt":"2024-11-30T10:22:58","guid":{"rendered":"https:\/\/www.galerienicolasbourriaud.com\/produit\/jeune-cerf\/"},"modified":"2024-11-30T11:35:54","modified_gmt":"2024-11-30T10:35:54","slug":"jeune-cerf","status":"publish","type":"product","link":"https:\/\/www.galerienicolasbourriaud.com\/en\/produit\/jeune-cerf\/","title":{"rendered":"YOUNG DEER"},"content":{"rendered":"<p>&nbsp;<\/p>\n<p>&nbsp;<\/p>\n","protected":false},"excerpt":{"rendered":"<h1><span style=\"color: #e1b300;\">Georges HILBERT<\/span><\/h1>\n<div class=\"page\" title=\"Page 1\">\n<div class=\"layoutArea\">\n<div class=\"column\"><span style=\"font-size: 14px;\">Bronze with nuanced caramel brown patina, signed \u00ab Hilbert \u00bb<\/span><\/div>\n<\/div>\n<\/div>\n<p style=\"font-weight: 400;\">Cast by Alexis Rudier, bears the founder&#8217;s stamp<br \/>\nH. 10&#8243; x W. 14&#8243; x D. 5,9&#8243;<br \/>\nCirca 1935<\/p>\n<p style=\"font-weight: 400;\">Related works: Mus\u00e9e d\u2019art moderne de la Ville de Paris, <em>Jeune cerf<\/em>, signed granite and dated 1933, on deposit with the Conservation des \u0153uvres d\u2019art religieuses et civiles de la Ville de Paris (COARC) ; Petit Palais, mus\u00e9e des Beaux-arts de la Ville de Paris, <em>T\u00eate de jeune<\/em> <em>cerf<\/em>, drawing, signed and dated 1933, inv. n\u00b0 AMD 455.<\/p>\n<p style=\"font-weight: 400;\">Literature: <em>Soci\u00e9t\u00e9 du Salon d\u2019automne<\/em>, exhibition of 1933, Paris, p. 166, n\u00b0 773, <em>Jeune cerf<\/em>, grey granite, H. 50 x L. 70 x P. 35 ; M. F., \u00ab L\u2019actualit\u00e9 et la curiosit\u00e9 \u00e0 travers le Salon d\u2019Automne \u00bb, <em>L\u2019Art et les Artistes, <\/em>1933, p. 66\u00a0; \u00a0Ren\u00e9-Jean, \u00ab\u00a0Un sculpteur de pierres dures\u00a0: Mateo Hernandez\u00a0\u00bb, <em>Art &amp; D\u00e9coration<\/em>, 1924, p. 104 \u00e0 116\u00a0.<\/p>\n<div class=\"page\" title=\"Page 1\">\n<div class=\"layoutArea\">\n<div class=\"column\">\n<p>&nbsp;<\/p>\n<\/div>\n<\/div>\n<\/div>\n","protected":false},"featured_media":9664,"template":"","meta":[],"product_brand":[],"product_cat":[262,260,319],"product_tag":[],"class_list":{"0":"post-9681","1":"product","2":"type-product","3":"status-publish","4":"has-post-thumbnail","6":"product_cat-animaliers-xxeme-en","7":"product_cat-galerie-faubourg-saint-honore-en","8":"product_cat-georges-hilbert-en","9":"description-off","11":"first","12":"instock","13":"shipping-taxable","14":"product-type-simple"},"aioseo_notices":[],"_links":{"self":[{"href":"https:\/\/www.galerienicolasbourriaud.com\/en\/wp-json\/wp\/v2\/product\/9681","targetHints":{"allow":["GET"]}}],"collection":[{"href":"https:\/\/www.galerienicolasbourriaud.com\/en\/wp-json\/wp\/v2\/product"}],"about":[{"href":"https:\/\/www.galerienicolasbourriaud.com\/en\/wp-json\/wp\/v2\/types\/product"}],"wp:featuredmedia":[{"embeddable":true,"href":"https:\/\/www.galerienicolasbourriaud.com\/en\/wp-json\/wp\/v2\/media\/9664"}],"wp:attachment":[{"href":"https:\/\/www.galerienicolasbourriaud.com\/en\/wp-json\/wp\/v2\/media?parent=9681"}],"wp:term":[{"taxonomy":"product_brand","embeddable":true,"href":"https:\/\/www.galerienicolasbourriaud.com\/en\/wp-json\/wp\/v2\/product_brand?post=9681"},{"taxonomy":"product_cat","embeddable":true,"href":"https:\/\/www.galerienicolasbourriaud.com\/en\/wp-json\/wp\/v2\/product_cat?post=9681"},{"taxonomy":"product_tag","embeddable":true,"href":"https:\/\/www.galerienicolasbourriaud.com\/en\/wp-json\/wp\/v2\/product_tag?post=9681"}],"curies":[{"name":"wp","href":"https:\/\/api.w.org\/{rel}","templated":true}]}}