{"id":9937,"date":"2025-02-08T11:47:50","date_gmt":"2025-02-08T10:47:50","guid":{"rendered":"https:\/\/www.galerienicolasbourriaud.com\/produit\/bacchus-ou-dyonisos\/"},"modified":"2025-02-15T13:04:44","modified_gmt":"2025-02-15T12:04:44","slug":"bacchus-ou-dyonisos","status":"publish","type":"product","link":"https:\/\/www.galerienicolasbourriaud.com\/en\/produit\/bacchus-ou-dyonisos\/","title":{"rendered":"BACCHUS OR DYONISOS"},"content":{"rendered":"<p>&nbsp;<\/p>\n<p>&nbsp;<\/p>\n","protected":false},"excerpt":{"rendered":"<h1><span style=\"color: #e1b300;\">Charles DESPIAU<\/span><\/h1>\n<p style=\"font-weight: 400;\">Bronze with nuanced gilded patina, signed \u00ab C. Despiau \u00bb.<br \/>\nCast by Bisceglia numbered \u00ab 5\/10 \u00bb. Bears the founders stamp \u00ab CIRE PERDUE \/ BISCEGLIA \u00bb.<br \/>\nH. 21&#8243; x W. 7&#8243; x D. 4,4&#8243;.<br \/>\nCirca 1945<\/p>\n<p style=\"font-weight: 400;\">Literature: Elisabeth Lebon, <em>Charles Despiau<\/em>, Biarritz, 2016\u00a0; C. Kunstler<em>, la sculpture contemporaine, 1900-1960, vol. 1,<\/em> model reproduced. pl. 19 ; J. Alazard, \u00ab\u00a0 L\u2019art de Charles Despiau \u00bb, <em>Gazette des Beaux-Arts<\/em>, 1939, p. 103 \u00e0 117\u00a0; G. Wald\u00e9mar, <em>Despiau vivant l\u2019homme et l\u2019\u0153uvre<\/em>, Paris, 1947, model reproduced pl. XXV ; Anne-Fran\u00e7oise Ponthus, <em>La Soci\u00e9t\u00e9 Nouvelle (1900-1914)- Un r\u00e9seau d&#8217;amis peintres et sculptures (Claus, Cottet, Le Sidaner, Martin,\u00a0\u2026 Despiau)<\/em>, Paris, 2010.<\/p>\n<p><strong>SOLD<\/strong><br style=\"font-weight: 400;\" \/><br style=\"font-weight: 400;\" \/><\/p>\n","protected":false},"featured_media":9924,"template":"","meta":[],"product_brand":[],"product_cat":[299,312],"product_tag":[],"class_list":{"0":"post-9937","1":"product","2":"type-product","3":"status-publish","4":"has-post-thumbnail","6":"product_cat-charles-despiau-en","7":"product_cat-chefs-doeuvre-vendu-en","8":"description-off","10":"first","11":"instock","12":"shipping-taxable","13":"product-type-simple"},"aioseo_notices":[],"_links":{"self":[{"href":"https:\/\/www.galerienicolasbourriaud.com\/en\/wp-json\/wp\/v2\/product\/9937","targetHints":{"allow":["GET"]}}],"collection":[{"href":"https:\/\/www.galerienicolasbourriaud.com\/en\/wp-json\/wp\/v2\/product"}],"about":[{"href":"https:\/\/www.galerienicolasbourriaud.com\/en\/wp-json\/wp\/v2\/types\/product"}],"wp:featuredmedia":[{"embeddable":true,"href":"https:\/\/www.galerienicolasbourriaud.com\/en\/wp-json\/wp\/v2\/media\/9924"}],"wp:attachment":[{"href":"https:\/\/www.galerienicolasbourriaud.com\/en\/wp-json\/wp\/v2\/media?parent=9937"}],"wp:term":[{"taxonomy":"product_brand","embeddable":true,"href":"https:\/\/www.galerienicolasbourriaud.com\/en\/wp-json\/wp\/v2\/product_brand?post=9937"},{"taxonomy":"product_cat","embeddable":true,"href":"https:\/\/www.galerienicolasbourriaud.com\/en\/wp-json\/wp\/v2\/product_cat?post=9937"},{"taxonomy":"product_tag","embeddable":true,"href":"https:\/\/www.galerienicolasbourriaud.com\/en\/wp-json\/wp\/v2\/product_tag?post=9937"}],"curies":[{"name":"wp","href":"https:\/\/api.w.org\/{rel}","templated":true}]}}